{"id":5242,"date":"2023-12-22T13:26:58","date_gmt":"2023-12-22T12:26:58","guid":{"rendered":"https:\/\/hotelfriheden.dk\/zimmer\/"},"modified":"2024-06-25T11:18:38","modified_gmt":"2024-06-25T09:18:38","slug":"zimmer","status":"publish","type":"page","link":"https:\/\/hotelfriheden.dk\/de\/zimmer\/","title":{"rendered":"Zimmer"},"content":{"rendered":"<section class=\"wpb-content-wrapper\"><p>[vc_row full_width=&#8220;stretch_row_content_no_spaces&#8220;][vc_column]<div class=\"ult-spacer spacer-69f6ed38c46be\" data-id=\"69f6ed38c46be\" data-height=\"30\" data-height-mobile=\"0\" data-height-tab=\"30\" data-height-tab-portrait=\"0\" data-height-mobile-landscape=\"0\" style=\"clear:both;display:block;\"><\/div>[vc_row_inner el_class=&#8220;small-stretch custom&#8220;][vc_column_inner][vc_column_text]<\/p>\n<h2>Zimmerkategorien im Hotel Friheden<\/h2>\n<p>[\/vc_column_text][\/vc_column_inner][\/vc_row_inner][vc_row_inner equal_height=&#8220;yes&#8220; content_placement=&#8220;middle&#8220;][vc_column_inner el_class=&#8220;small-stretch&#8220; offset=&#8220;vc_col-lg-6 vc_col-md-6 vc_col-xs-12&#8243;][vc_column_text]<\/p>\n<h3>Standardzimmer<\/h3>\n<p>Alle Standardzimmer verf\u00fcgen \u00fcber einen eigenen Balkon oder eine Terrasse sowie eine K\u00fcchenzeile und einen Fernseher.<br \/>\nVon allen Balkonen und Terrassen aus gibt es einen Blick auf die Ostsee.<\/p>\n<ul>\n<li>Maximal 2 G\u00e4ste<\/li>\n<li>Doppelbett mit 180 cm.<\/li>\n<\/ul>\n<p><a href=\"https:\/\/online.bookvisit.com\/v2\/widget\/WidgetNewWindowStart?channelId=ce15c0cc-e849-46b5-8169-f409ca5f848f&amp;culture=da-DK&amp;guestRoomId=b112ab2d-8f1c-4c51-82e7-da3d544fba55\" target=\"_blank\" rel=\"noopener\"><span style=\"text-decoration: underline;\">Buchen Sie ein Standardzimmer.<\/span><\/a>[\/vc_column_text][\/vc_column_inner][vc_column_inner css=&#8220;.vc_custom_1705389727957{margin-right: 30px !important;margin-left: 30px !important;}&#8220; offset=&#8220;vc_col-lg-6 vc_col-md-6 vc_col-xs-12&#8243;][vc_media_grid element_width=&#8220;6&#8243; gap=&#8220;20&#8243; item=&#8220;1782&#8243; grid_id=&#8220;vc_gid:1712215725295-af87e9ac-2d4d-4&#8243; include=&#8220;4705,4695&#8243;][\/vc_column_inner][\/vc_row_inner][vc_row_inner equal_height=&#8220;yes&#8220; content_placement=&#8220;middle&#8220;][vc_column_inner el_class=&#8220;small-stretch&#8220; offset=&#8220;vc_col-lg-6 vc_col-md-6 vc_col-xs-12&#8243;][vc_column_text]<\/p>\n<h3>Standardzimmer mit Meerblick<\/h3>\n<p>Alle Standardzimmer mit Meerblick befinden sich auf der obersten Etage und verf\u00fcgen \u00fcber einen Balkon mit Blick auf die Ostsee. Die Zimmer verf\u00fcgen \u00fcber eine K\u00fcchenzeile und Satelliten-TV.<\/p>\n<ul>\n<li>Maximal 2 G\u00e4ste<\/li>\n<li>Doppelbett mit 180 cm<\/li>\n<\/ul>\n<p><a href=\"https:\/\/online.bookvisit.com\/v2\/widget\/WidgetNewWindowStart?channelId=ce15c0cc-e849-46b5-8169-f409ca5f848f&amp;culture=da-DK&amp;guestRoomId=c5f446e8-2b25-4247-8a06-85048632e6dd\" target=\"_blank\" rel=\"noopener\"><span style=\"text-decoration: underline;\">Buchen Sie ein Standardzimmer mit Meerblick.<\/span><\/a>[\/vc_column_text][\/vc_column_inner][vc_column_inner css=&#8220;.vc_custom_1705389727957{margin-right: 30px !important;margin-left: 30px !important;}&#8220; offset=&#8220;vc_col-lg-6 vc_col-md-6 vc_col-xs-12&#8243;][vc_media_grid element_width=&#8220;6&#8243; gap=&#8220;20&#8243; item=&#8220;1782&#8243; grid_id=&#8220;vc_gid:1712215725297-e71b2831-a470-1&#8243; include=&#8220;4656,4704&#8243;][\/vc_column_inner][\/vc_row_inner]<div class=\"ult-spacer spacer-69f6ed38c4706\" data-id=\"69f6ed38c4706\" data-height=\"30\" data-height-mobile=\"60\" data-height-tab=\"30\" data-height-tab-portrait=\"60\" data-height-mobile-landscape=\"60\" style=\"clear:both;display:block;\"><\/div>[\/vc_column][\/vc_row][vc_row full_width=&#8220;stretch_row_content_no_spaces&#8220; el_class=&#8220;light&#8220;][vc_column]<div class=\"ult-spacer spacer-69f6ed38c472c\" data-id=\"69f6ed38c472c\" data-height=\"30\" data-height-mobile=\"0\" data-height-tab=\"30\" data-height-tab-portrait=\"0\" data-height-mobile-landscape=\"0\" style=\"clear:both;display:block;\"><\/div>[vc_row_inner equal_height=&#8220;yes&#8220; content_placement=&#8220;middle&#8220; el_class=&#8220;reverse&#8220;][vc_column_inner css=&#8220;.vc_custom_1705390656649{margin-right: 30px !important;margin-left: 30px !important;}&#8220; offset=&#8220;vc_col-lg-6 vc_col-md-6 vc_col-xs-12&#8243;][vc_media_grid element_width=&#8220;6&#8243; gap=&#8220;20&#8243; item=&#8220;1782&#8243; grid_id=&#8220;vc_gid:1712215725298-be79d2a3-1c96-4&#8243; include=&#8220;4706,4647&#8243;][\/vc_column_inner][vc_column_inner el_class=&#8220;small-stretch&#8220; offset=&#8220;vc_col-lg-6 vc_col-md-6 vc_col-xs-12&#8243;][vc_column_text]<\/p>\n<h3>Standardzimmer mit Zusatzbett<\/h3>\n<p>Standardzimmer mit Zusatzbett verf\u00fcgen neben einem Doppelbett auch \u00fcber ein Sofa, das zu einem 140 cm breiten Bett ausgeklappt werden kann, geeignet f\u00fcr einen Erwachsenen oder zwei Kinder.<br \/>\nDieser Zimmertyp verf\u00fcgt \u00fcber einen Balkon oder eine Terrasse sowie eine K\u00fcchenzeile und Satelliten-TV.<\/p>\n<ul>\n<li>Diese Zimmer befinden sich entweder im Erdgeschoss oder im 2. Stock.<\/li>\n<li>Maximal 4 G\u00e4ste<\/li>\n<li>Doppelbett mit 180 cm und Schlafsofa mit 140 cm<\/li>\n<\/ul>\n<p>&nbsp;<\/p>\n<p><a href=\"https:\/\/online.bookvisit.com\/v2\/widget\/WidgetNewWindowStart?channelId=ce15c0cc-e849-46b5-8169-f409ca5f848f&amp;culture=da-DK&amp;guestRoomId=daf0c9df-f263-4503-b8b9-63cad29f03cc\" target=\"_blank\" rel=\"noopener\"><span style=\"text-decoration: underline;\">Buchen Sie ein Standardzimmer mit Zusatzbett.<\/span><\/a>[\/vc_column_text][\/vc_column_inner][\/vc_row_inner][vc_empty_space height=&#8220;15px&#8220;][vc_row_inner equal_height=&#8220;yes&#8220; content_placement=&#8220;middle&#8220; el_class=&#8220;reverse&#8220;][vc_column_inner css=&#8220;.vc_custom_1705390656649{margin-right: 30px !important;margin-left: 30px !important;}&#8220; offset=&#8220;vc_col-lg-6 vc_col-md-6 vc_col-xs-12&#8243;][vc_media_grid element_width=&#8220;6&#8243; gap=&#8220;20&#8243; item=&#8220;1782&#8243; grid_id=&#8220;vc_gid:1712215725299-081d7f87-9f7f-1&#8243; include=&#8220;5156,5174&#8243;][\/vc_column_inner][vc_column_inner el_class=&#8220;small-stretch&#8220; offset=&#8220;vc_col-lg-6 vc_col-md-6 vc_col-xs-12&#8243;][vc_column_text]<\/p>\n<h3>Ferienwohnung f\u00fcr 4 Personen<\/h3>\n<p>Die Ferienwohnungen sind praktisch ein halbes Sommerhaus, das nur wenige Schritte vom Hotel entfernt liegt. Zwei Terrassen, eine davon mit Meerblick, Kochnische und Geschirr f\u00fcr 4 Personen. Parkplatz nur wenige Schritte von der T\u00fcr entfernt.<\/p>\n<ul>\n<li>Maximal 4 G\u00e4ste. Kontaktieren Sie uns f\u00fcr eine Reservierung.<\/li>\n<li>Doppelbett mit 180 cm und Schlafsofa, geeignet f\u00fcr einen Erwachsenen oder zwei Kinder.<\/li>\n<\/ul>\n<p><a href=\"https:\/\/online.bookvisit.com\/v2\/widget\/WidgetNewWindowStart?channelId=ce15c0cc-e849-46b5-8169-f409ca5f848f&amp;culture=da-DK&amp;guestRoomId=971daf4b-5b6d-46ac-a12b-1dda436ccd25\" target=\"_blank\" rel=\"noopener\"><span style=\"text-decoration: underline;\">Zimmer buchen<\/span><\/a>[\/vc_column_text][\/vc_column_inner][\/vc_row_inner][vc_empty_space height=&#8220;15px&#8220;][vc_row_inner equal_height=&#8220;yes&#8220; content_placement=&#8220;middle&#8220; el_class=&#8220;reverse&#8220;][vc_column_inner css=&#8220;.vc_custom_1705390656649{margin-right: 30px !important;margin-left: 30px !important;}&#8220; offset=&#8220;vc_col-lg-6 vc_col-md-6 vc_col-xs-12&#8243;][vc_media_grid element_width=&#8220;6&#8243; gap=&#8220;20&#8243; item=&#8220;1782&#8243; grid_id=&#8220;vc_gid:1712215725302-ffcfe14f-5014-6&#8243; include=&#8220;4717,4719&#8243;][\/vc_column_inner][vc_column_inner el_class=&#8220;small-stretch&#8220; offset=&#8220;vc_col-lg-6 vc_col-md-6 vc_col-xs-12&#8243;][vc_column_text]<\/p>\n<h3>Rabattzimmer<\/h3>\n<p>Die Rabattzimmer bieten weniger Komfort als die Standardzimmer.<br \/>\nDie Zimmer verf\u00fcgen \u00fcber ein eigenes Bad, eine kleine Gemeinschaftsterrasse und Satelliten-TV.<br \/>\nVon diesem Zimmertyp aus gibt es keinen Meerblick; die Zimmer sind zum Parkplatz hinter dem Hotel ausgerichtet.<\/p>\n<ul>\n<li>Maximal 2 G\u00e4ste<\/li>\n<li>2 Einzelbetten mit einer Breite von je 90 cm<\/li>\n<\/ul>\n<p><a href=\"https:\/\/online.bookvisit.com\/v2\/widget\/WidgetNewWindowStart?channelId=ce15c0cc-e849-46b5-8169-f409ca5f848f&amp;culture=da-DK&amp;guestRoomId=fc62ecaf-5141-40ea-9dee-c0f95c442139\" target=\"_blank\" rel=\"noopener\"><span style=\"text-decoration: underline;\">Buchen Sie ein Rabattzimmer.<\/span><\/a>[\/vc_column_text][\/vc_column_inner][\/vc_row_inner]<div class=\"ult-spacer spacer-69f6ed38c474c\" data-id=\"69f6ed38c474c\" data-height=\"30\" data-height-mobile=\"60\" data-height-tab=\"30\" data-height-tab-portrait=\"60\" data-height-mobile-landscape=\"60\" style=\"clear:both;display:block;\"><\/div>[\/vc_column][\/vc_row][vc_row full_width=&#8220;stretch_row_content&#8220; title=&#8220;L\u00e6s mere&#8220; style=&#8220;custom&#8220; gradient_color_1=&#8220;turquoise&#8220; gradient_color_2=&#8220;blue&#8220; gradient_custom_color_1=&#8220;#dd3333&#8243; gradient_custom_color_2=&#8220;#eeee22&#8243; gradient_text_color=&#8220;#ffffff&#8220; custom_background=&#8220;#fc5623&#8243; custom_text=&#8220;#ffffff&#8220; outline_custom_color=&#8220;#666666&#8243; outline_custom_hover_background=&#8220;#666666&#8243; outline_custom_hover_text=&#8220;#ffffff&#8220; shape=&#8220;square&#8220; color=&#8220;grey&#8220; size=&#8220;md&#8220; align=&#8220;left&#8220; button_block=&#8220;&#8220; add_icon=&#8220;&#8220; i_align=&#8220;left&#8220; i_type=&#8220;fontawesome&#8220; i_icon_fontawesome=&#8220;fas fa-adjust&#8220; i_icon_openiconic=&#8220;vc-oi vc-oi-dial&#8220; i_icon_typicons=&#8220;typcn typcn-adjust-brightness&#8220; i_icon_entypo=&#8220;entypo-icon entypo-icon-note&#8220; i_icon_linecons=&#8220;vc_li vc_li-heart&#8220; i_icon_monosocial=&#8220;vc-mono vc-mono-fivehundredpx&#8220; i_icon_material=&#8220;vc-material vc-material-cake&#8220; i_icon_pixelicons=&#8220;vc_pixel_icon vc_pixel_icon-alert&#8220; custom_onclick=&#8220;&#8220; link=&#8220;|||&#8220; custom_onclick_code=&#8220;&#8220;][vc_column]<div class=\"ult-spacer spacer-69f6ed38c4773\" data-id=\"69f6ed38c4773\" data-height=\"90\" data-height-mobile=\"60\" data-height-tab=\"90\" data-height-tab-portrait=\"60\" data-height-mobile-landscape=\"60\" style=\"clear:both;display:block;\"><\/div>[vc_basic_grid post_type=&#8220;attachment&#8220; max_items=&#8220;-1&#8243; style=&#8220;pagination&#8220; items_per_page=&#8220;8&#8243; show_filter=&#8220;yes&#8220; element_width=&#8220;3&#8243; gap=&#8220;20&#8243; filter_default_title=&#8220;Alle&#8220; arrows_design=&#8220;vc_arrow-icon-arrow_01_left&#8220; arrows_position=&#8220;outside&#8220; arrows_color=&#8220;black&#8220; loop=&#8220;yes&#8220; item=&#8220;1780&#8243; grid_id=&#8220;vc_gid:1712215725304-a2dc107c-428d-0&#8243; filter_source=&#8220;image-category&#8220; taxonomies=&#8220;37&#8243;]<div class=\"ult-spacer spacer-69f6ed38c478e\" data-id=\"69f6ed38c478e\" data-height=\"90\" data-height-mobile=\"60\" data-height-tab=\"90\" data-height-tab-portrait=\"60\" data-height-mobile-landscape=\"60\" style=\"clear:both;display:block;\"><\/div>[\/vc_column][\/vc_row]<\/p>\n<\/section>","protected":false},"excerpt":{"rendered":"<p>[vc_row full_width=&#8220;stretch_row_content_no_spaces&#8220;][vc_column][vc_row_inner el_class=&#8220;small-stretch custom&#8220;][vc_column_inner][vc_column_text] Zimmerkategorien im Hotel Friheden [\/vc_column_text][\/vc_column_inner][\/vc_row_inner][vc_row_inner equal_height=&#8220;yes&#8220; content_placement=&#8220;middle&#8220;][vc_column_inner el_class=&#8220;small-stretch&#8220; offset=&#8220;vc_col-lg-6 vc_col-md-6 vc_col-xs-12&#8243;][vc_column_text] Standardzimmer Alle Standardzimmer verf\u00fcgen \u00fcber einen eigenen Balkon oder eine Terrasse sowie eine K\u00fcchenzeile und einen Fernseher. Von allen Balkonen und Terrassen aus gibt es einen Blick auf die Ostsee. Maximal 2 G\u00e4ste Doppelbett mit 180 cm. Buchen Sie ein &#8230; <a title=\"Zimmer\" class=\"read-more\" href=\"https:\/\/hotelfriheden.dk\/de\/zimmer\/\" aria-label=\"Mehr zu Zimmer\">Weiterlesen &#8230;<\/a><\/p>\n","protected":false},"author":3,"featured_media":5478,"parent":0,"menu_order":2,"comment_status":"closed","ping_status":"closed","template":"","meta":{"_acf_changed":false,"footnotes":""},"categories":[54],"acf":[],"yoast_head":"<!-- This site is optimized with the Yoast SEO plugin v24.5 - https:\/\/yoast.com\/wordpress\/plugins\/seo\/ -->\n<title>Zimmer | Hotel Friheden ApS<\/title>\n<meta name=\"robots\" content=\"index, follow, max-snippet:-1, max-image-preview:large, max-video-preview:-1\" \/>\n<link rel=\"canonical\" href=\"https:\/\/hotelfriheden.dk\/de\/zimmer\/\" \/>\n<meta property=\"og:locale\" content=\"de_DE\" \/>\n<meta property=\"og:type\" content=\"article\" \/>\n<meta property=\"og:title\" content=\"Zimmer | Hotel Friheden ApS\" \/>\n<meta property=\"og:description\" content=\"[vc_row full_width=&#8220;stretch_row_content_no_spaces&#8220;][vc_column][vc_row_inner el_class=&#8220;small-stretch custom&#8220;][vc_column_inner][vc_column_text] Zimmerkategorien im Hotel Friheden [\/vc_column_text][\/vc_column_inner][\/vc_row_inner][vc_row_inner equal_height=&#8220;yes&#8220; content_placement=&#8220;middle&#8220;][vc_column_inner el_class=&#8220;small-stretch&#8220; offset=&#8220;vc_col-lg-6 vc_col-md-6 vc_col-xs-12&#8243;][vc_column_text] Standardzimmer Alle Standardzimmer verf\u00fcgen \u00fcber einen eigenen Balkon oder eine Terrasse sowie eine K\u00fcchenzeile und einen Fernseher. Von allen Balkonen und Terrassen aus gibt es einen Blick auf die Ostsee. Maximal 2 G\u00e4ste Doppelbett mit 180 cm. Buchen Sie ein ... Weiterlesen ...\" \/>\n<meta property=\"og:url\" content=\"https:\/\/hotelfriheden.dk\/de\/zimmer\/\" \/>\n<meta property=\"og:site_name\" content=\"Hotel Friheden ApS\" \/>\n<meta property=\"article:modified_time\" content=\"2024-06-25T09:18:38+00:00\" \/>\n<meta property=\"og:image\" content=\"https:\/\/hotelfriheden.dk\/wp-content\/uploads\/2023\/12\/20230606-095745-scaled-1-scaled.jpg\" \/>\n\t<meta property=\"og:image:width\" content=\"2048\" \/>\n\t<meta property=\"og:image:height\" content=\"922\" \/>\n\t<meta property=\"og:image:type\" content=\"image\/jpeg\" \/>\n<meta name=\"twitter:card\" content=\"summary_large_image\" \/>\n<meta name=\"twitter:label1\" content=\"Gesch\u00e4tzte Lesezeit\" \/>\n\t<meta name=\"twitter:data1\" content=\"5\u00a0Minuten\" \/>\n<script type=\"application\/ld+json\" class=\"yoast-schema-graph\">{\"@context\":\"https:\/\/schema.org\",\"@graph\":[{\"@type\":\"WebPage\",\"@id\":\"https:\/\/hotelfriheden.dk\/de\/zimmer\/\",\"url\":\"https:\/\/hotelfriheden.dk\/de\/zimmer\/\",\"name\":\"Zimmer | Hotel Friheden ApS\",\"isPartOf\":{\"@id\":\"https:\/\/hotelfriheden.dk\/de\/#website\"},\"primaryImageOfPage\":{\"@id\":\"https:\/\/hotelfriheden.dk\/de\/zimmer\/#primaryimage\"},\"image\":{\"@id\":\"https:\/\/hotelfriheden.dk\/de\/zimmer\/#primaryimage\"},\"thumbnailUrl\":\"https:\/\/hotelfriheden.dk\/wp-content\/uploads\/2024\/10\/img-6774-1-scaled.jpg\",\"datePublished\":\"2023-12-22T12:26:58+00:00\",\"dateModified\":\"2024-06-25T09:18:38+00:00\",\"breadcrumb\":{\"@id\":\"https:\/\/hotelfriheden.dk\/de\/zimmer\/#breadcrumb\"},\"inLanguage\":\"de\",\"potentialAction\":[{\"@type\":\"ReadAction\",\"target\":[\"https:\/\/hotelfriheden.dk\/de\/zimmer\/\"]}]},{\"@type\":\"ImageObject\",\"inLanguage\":\"de\",\"@id\":\"https:\/\/hotelfriheden.dk\/de\/zimmer\/#primaryimage\",\"url\":\"https:\/\/hotelfriheden.dk\/wp-content\/uploads\/2024\/10\/img-6774-1-scaled.jpg\",\"contentUrl\":\"https:\/\/hotelfriheden.dk\/wp-content\/uploads\/2024\/10\/img-6774-1-scaled.jpg\",\"width\":2048,\"height\":1365},{\"@type\":\"BreadcrumbList\",\"@id\":\"https:\/\/hotelfriheden.dk\/de\/zimmer\/#breadcrumb\",\"itemListElement\":[{\"@type\":\"ListItem\",\"position\":1,\"name\":\"Hjem\",\"item\":\"https:\/\/hotelfriheden.dk\/de\/titelseite\/\"},{\"@type\":\"ListItem\",\"position\":2,\"name\":\"Zimmer\"}]},{\"@type\":\"WebSite\",\"@id\":\"https:\/\/hotelfriheden.dk\/de\/#website\",\"url\":\"https:\/\/hotelfriheden.dk\/de\/\",\"name\":\"Hotel Friheden ApS\",\"description\":\"Hotel Friheden er integreret hotel samt restaurant og tilbyder overnatning\",\"publisher\":{\"@id\":\"https:\/\/hotelfriheden.dk\/de\/#organization\"},\"potentialAction\":[{\"@type\":\"SearchAction\",\"target\":{\"@type\":\"EntryPoint\",\"urlTemplate\":\"https:\/\/hotelfriheden.dk\/de\/?s={search_term_string}\"},\"query-input\":{\"@type\":\"PropertyValueSpecification\",\"valueRequired\":true,\"valueName\":\"search_term_string\"}}],\"inLanguage\":\"de\"},{\"@type\":\"Organization\",\"@id\":\"https:\/\/hotelfriheden.dk\/de\/#organization\",\"name\":\"Hotel Friheden ApS\",\"url\":\"https:\/\/hotelfriheden.dk\/de\/\",\"logo\":{\"@type\":\"ImageObject\",\"inLanguage\":\"de\",\"@id\":\"https:\/\/hotelfriheden.dk\/de\/#\/schema\/logo\/image\/\",\"url\":\"https:\/\/hotelfriheden.dk\/wp-content\/uploads\/2024\/02\/hotel-friheden-1.png\",\"contentUrl\":\"https:\/\/hotelfriheden.dk\/wp-content\/uploads\/2024\/02\/hotel-friheden-1.png\",\"width\":500,\"height\":500,\"caption\":\"Hotel Friheden ApS\"},\"image\":{\"@id\":\"https:\/\/hotelfriheden.dk\/de\/#\/schema\/logo\/image\/\"}}]}<\/script>\n<!-- \/ Yoast SEO plugin. -->","yoast_head_json":{"title":"Zimmer | Hotel Friheden ApS","robots":{"index":"index","follow":"follow","max-snippet":"max-snippet:-1","max-image-preview":"max-image-preview:large","max-video-preview":"max-video-preview:-1"},"canonical":"https:\/\/hotelfriheden.dk\/de\/zimmer\/","og_locale":"de_DE","og_type":"article","og_title":"Zimmer | Hotel Friheden ApS","og_description":"[vc_row full_width=&#8220;stretch_row_content_no_spaces&#8220;][vc_column][vc_row_inner el_class=&#8220;small-stretch custom&#8220;][vc_column_inner][vc_column_text] Zimmerkategorien im Hotel Friheden [\/vc_column_text][\/vc_column_inner][\/vc_row_inner][vc_row_inner equal_height=&#8220;yes&#8220; content_placement=&#8220;middle&#8220;][vc_column_inner el_class=&#8220;small-stretch&#8220; offset=&#8220;vc_col-lg-6 vc_col-md-6 vc_col-xs-12&#8243;][vc_column_text] Standardzimmer Alle Standardzimmer verf\u00fcgen \u00fcber einen eigenen Balkon oder eine Terrasse sowie eine K\u00fcchenzeile und einen Fernseher. Von allen Balkonen und Terrassen aus gibt es einen Blick auf die Ostsee. Maximal 2 G\u00e4ste Doppelbett mit 180 cm. Buchen Sie ein ... Weiterlesen ...","og_url":"https:\/\/hotelfriheden.dk\/de\/zimmer\/","og_site_name":"Hotel Friheden ApS","article_modified_time":"2024-06-25T09:18:38+00:00","og_image":[{"width":2048,"height":922,"url":"https:\/\/hotelfriheden.dk\/wp-content\/uploads\/2023\/12\/20230606-095745-scaled-1-scaled.jpg","type":"image\/jpeg"}],"twitter_card":"summary_large_image","twitter_misc":{"Gesch\u00e4tzte Lesezeit":"5\u00a0Minuten"},"schema":{"@context":"https:\/\/schema.org","@graph":[{"@type":"WebPage","@id":"https:\/\/hotelfriheden.dk\/de\/zimmer\/","url":"https:\/\/hotelfriheden.dk\/de\/zimmer\/","name":"Zimmer | Hotel Friheden ApS","isPartOf":{"@id":"https:\/\/hotelfriheden.dk\/de\/#website"},"primaryImageOfPage":{"@id":"https:\/\/hotelfriheden.dk\/de\/zimmer\/#primaryimage"},"image":{"@id":"https:\/\/hotelfriheden.dk\/de\/zimmer\/#primaryimage"},"thumbnailUrl":"https:\/\/hotelfriheden.dk\/wp-content\/uploads\/2024\/10\/img-6774-1-scaled.jpg","datePublished":"2023-12-22T12:26:58+00:00","dateModified":"2024-06-25T09:18:38+00:00","breadcrumb":{"@id":"https:\/\/hotelfriheden.dk\/de\/zimmer\/#breadcrumb"},"inLanguage":"de","potentialAction":[{"@type":"ReadAction","target":["https:\/\/hotelfriheden.dk\/de\/zimmer\/"]}]},{"@type":"ImageObject","inLanguage":"de","@id":"https:\/\/hotelfriheden.dk\/de\/zimmer\/#primaryimage","url":"https:\/\/hotelfriheden.dk\/wp-content\/uploads\/2024\/10\/img-6774-1-scaled.jpg","contentUrl":"https:\/\/hotelfriheden.dk\/wp-content\/uploads\/2024\/10\/img-6774-1-scaled.jpg","width":2048,"height":1365},{"@type":"BreadcrumbList","@id":"https:\/\/hotelfriheden.dk\/de\/zimmer\/#breadcrumb","itemListElement":[{"@type":"ListItem","position":1,"name":"Hjem","item":"https:\/\/hotelfriheden.dk\/de\/titelseite\/"},{"@type":"ListItem","position":2,"name":"Zimmer"}]},{"@type":"WebSite","@id":"https:\/\/hotelfriheden.dk\/de\/#website","url":"https:\/\/hotelfriheden.dk\/de\/","name":"Hotel Friheden ApS","description":"Hotel Friheden er integreret hotel samt restaurant og tilbyder overnatning","publisher":{"@id":"https:\/\/hotelfriheden.dk\/de\/#organization"},"potentialAction":[{"@type":"SearchAction","target":{"@type":"EntryPoint","urlTemplate":"https:\/\/hotelfriheden.dk\/de\/?s={search_term_string}"},"query-input":{"@type":"PropertyValueSpecification","valueRequired":true,"valueName":"search_term_string"}}],"inLanguage":"de"},{"@type":"Organization","@id":"https:\/\/hotelfriheden.dk\/de\/#organization","name":"Hotel Friheden ApS","url":"https:\/\/hotelfriheden.dk\/de\/","logo":{"@type":"ImageObject","inLanguage":"de","@id":"https:\/\/hotelfriheden.dk\/de\/#\/schema\/logo\/image\/","url":"https:\/\/hotelfriheden.dk\/wp-content\/uploads\/2024\/02\/hotel-friheden-1.png","contentUrl":"https:\/\/hotelfriheden.dk\/wp-content\/uploads\/2024\/02\/hotel-friheden-1.png","width":500,"height":500,"caption":"Hotel Friheden ApS"},"image":{"@id":"https:\/\/hotelfriheden.dk\/de\/#\/schema\/logo\/image\/"}}]}},"_links":{"self":[{"href":"https:\/\/hotelfriheden.dk\/de\/wp-json\/wp\/v2\/pages\/5242"}],"collection":[{"href":"https:\/\/hotelfriheden.dk\/de\/wp-json\/wp\/v2\/pages"}],"about":[{"href":"https:\/\/hotelfriheden.dk\/de\/wp-json\/wp\/v2\/types\/page"}],"author":[{"embeddable":true,"href":"https:\/\/hotelfriheden.dk\/de\/wp-json\/wp\/v2\/users\/3"}],"replies":[{"embeddable":true,"href":"https:\/\/hotelfriheden.dk\/de\/wp-json\/wp\/v2\/comments?post=5242"}],"version-history":[{"count":2,"href":"https:\/\/hotelfriheden.dk\/de\/wp-json\/wp\/v2\/pages\/5242\/revisions"}],"predecessor-version":[{"id":5244,"href":"https:\/\/hotelfriheden.dk\/de\/wp-json\/wp\/v2\/pages\/5242\/revisions\/5244"}],"wp:featuredmedia":[{"embeddable":true,"href":"https:\/\/hotelfriheden.dk\/de\/wp-json\/wp\/v2\/media\/5478"}],"wp:attachment":[{"href":"https:\/\/hotelfriheden.dk\/de\/wp-json\/wp\/v2\/media?parent=5242"}],"wp:term":[{"taxonomy":"category","embeddable":true,"href":"https:\/\/hotelfriheden.dk\/de\/wp-json\/wp\/v2\/categories?post=5242"}],"curies":[{"name":"wp","href":"https:\/\/api.w.org\/{rel}","templated":true}]}}