{"id":5231,"date":"2023-12-22T13:26:59","date_gmt":"2023-12-22T12:26:59","guid":{"rendered":"https:\/\/hotelfriheden.dk\/restaurant-oe-restaurant-in-allinge-auf-bornholm\/"},"modified":"2024-06-17T14:44:07","modified_gmt":"2024-06-17T12:44:07","slug":"restaurant-oe-restaurant-in-allinge-auf-bornholm","status":"publish","type":"page","link":"https:\/\/hotelfriheden.dk\/de\/restaurant-oe-restaurant-in-allinge-auf-bornholm\/","title":{"rendered":"Restaurant \u00d8 &#8211; Restaurant in Allinge auf Bornholm"},"content":{"rendered":"<section class=\"wpb-content-wrapper\"><p>[vc_row full_width=&#8220;stretch_row_content_no_spaces&#8220;][vc_column]<div class=\"ult-spacer spacer-69f6f9e44a1f2\" data-id=\"69f6f9e44a1f2\" data-height=\"30\" data-height-mobile=\"0\" data-height-tab=\"30\" data-height-tab-portrait=\"0\" data-height-mobile-landscape=\"0\" style=\"clear:both;display:block;\"><\/div>[vc_row_inner equal_height=&#8220;yes&#8220;][vc_column_inner el_class=&#8220;small-stretch&#8220; offset=&#8220;vc_col-lg-6 vc_col-md-6 vc_col-xs-12&#8243;][vc_single_image image=&#8220;4890&#8243; el_class=&#8220;restaurant-logo&#8220;][vc_empty_space height=&#8220;30px&#8220;][vc_column_text]Suchen Sie nach einem Restaurant in Allinge auf Bornholm? Das Restaurant \u00d8 im <a href=\"https:\/\/hotelfriheden.dk\/de\/hotel-friheden\/\">Hotel Friheden<\/a> \u00f6ffnet t\u00e4glich um 15:00 Uhr f\u00fcr den Getr\u00e4nkeservice, und um 18:00 Uhr \u00f6ffnet die K\u00fcche.<\/p>\n<p>Im Restaurant \u00d8 k\u00f6nnen die G\u00e4ste in Ruhe ein gutes Abendessen und einen sch\u00f6nen Blick auf die Ostsee genie\u00dfen, entweder im Restaurant selbst oder von der gro\u00dfen \u00fcberdachten Terrasse aus.<\/p>\n<p>Das Restaurant bietet eine umfangreiche und vielf\u00e4ltige Speisekarte mit etwas f\u00fcr jeden Geschmack.<\/p>\n<p>Au\u00dferdem bietet das Restaurant das t\u00e4gliche &#8222;Koch des Tages Zwei-G\u00e4nge-Men\u00fc&#8220; sowie eine <span style=\"font-size: inherit;\">breite Auswahl an Qualit\u00e4tsweinen, Bieren, Wasser und Cocktails. <\/span><\/p>\n<p>Der Link zur Speisekarte befindet sich unten, w\u00e4hrend das t\u00e4gliche &#8222;Koch des Tages Zwei-G\u00e4nge-Men\u00fc&#8220; auf der Facebook-Seite des Hotel Friheden zu finden ist.<\/p>\n<p>Das Restaurant \u00d8 steht allen offen, also wenn Sie einfach nur nach einem Restaurant in Allinge auf Bornholm suchen, freuen wir uns, Sie willkommen zu hei\u00dfen.<\/p>\n<p>Tischreservierungen k\u00f6nnen an der Rezeption oder telefonisch unter <a href=\"tel:56480425\">(+45) 56 48 04 25<\/a> vorgenommen werden.<\/p>\n<p>Willkommen im Restaurant \u00d8 im Hotel Friheden.[\/vc_column_text][\/vc_column_inner][vc_column_inner css=&#8220;.vc_custom_1703835174395{margin-right: 30px !important;margin-left: 30px !important;background-image: url(https:\/\/hotelfriheden.dk\/wp-content\/uploads\/2023\/12\/mad-500x500px-003.jpg?id=4672) !important;background-position: center !important;background-repeat: no-repeat !important;background-size: cover !important;}&#8220; offset=&#8220;vc_col-lg-6 vc_col-md-6 vc_col-xs-12&#8243;]<div class=\"ult-spacer spacer-69f6f9e44a256\" data-id=\"69f6f9e44a256\" data-height=\"0\" data-height-mobile=\"200\" data-height-tab=\"0\" data-height-tab-portrait=\"300\" data-height-mobile-landscape=\"250\" style=\"clear:both;display:block;\"><\/div>[\/vc_column_inner][\/vc_row_inner]<div class=\"ult-spacer spacer-69f6f9e44a28e\" data-id=\"69f6f9e44a28e\" data-height=\"30\" data-height-mobile=\"60\" data-height-tab=\"30\" data-height-tab-portrait=\"60\" data-height-mobile-landscape=\"60\" style=\"clear:both;display:block;\"><\/div>[\/vc_column][\/vc_row][vc_row full_width=&#8220;stretch_row_content&#8220; title=&#8220;L\u00e6s mere&#8220; style=&#8220;custom&#8220; gradient_color_1=&#8220;turquoise&#8220; gradient_color_2=&#8220;blue&#8220; gradient_custom_color_1=&#8220;#dd3333&#8243; gradient_custom_color_2=&#8220;#eeee22&#8243; gradient_text_color=&#8220;#ffffff&#8220; custom_background=&#8220;#fc5623&#8243; custom_text=&#8220;#ffffff&#8220; outline_custom_color=&#8220;#666666&#8243; outline_custom_hover_background=&#8220;#666666&#8243; outline_custom_hover_text=&#8220;#ffffff&#8220; shape=&#8220;square&#8220; color=&#8220;grey&#8220; size=&#8220;md&#8220; align=&#8220;left&#8220; button_block=&#8220;&#8220; add_icon=&#8220;&#8220; i_align=&#8220;left&#8220; i_type=&#8220;fontawesome&#8220; i_icon_fontawesome=&#8220;fas fa-adjust&#8220; i_icon_openiconic=&#8220;vc-oi vc-oi-dial&#8220; i_icon_typicons=&#8220;typcn typcn-adjust-brightness&#8220; i_icon_entypo=&#8220;entypo-icon entypo-icon-note&#8220; i_icon_linecons=&#8220;vc_li vc_li-heart&#8220; i_icon_monosocial=&#8220;vc-mono vc-mono-fivehundredpx&#8220; i_icon_material=&#8220;vc-material vc-material-cake&#8220; i_icon_pixelicons=&#8220;vc_pixel_icon vc_pixel_icon-alert&#8220; custom_onclick=&#8220;&#8220; link=&#8220;|||&#8220; custom_onclick_code=&#8220;&#8220; el_class=&#8220;parallax overlay white&#8220; css=&#8220;.vc_custom_1703836072980{background-image: url(https:\/\/hotelfriheden.dk\/wp-content\/uploads\/2023\/12\/outdoor-1920x1080px-003-768&#215;432-1.jpg?id=4665) !important;background-position: center !important;background-repeat: no-repeat !important;background-size: cover !important;}&#8220;][vc_column][vc_empty_space height=&#8220;60px&#8220;][vc_row_inner][vc_column_inner width=&#8220;1\/2&#8243; offset=&#8220;vc_col-lg-3 vc_col-md-6 vc_col-xs-12&#8243;][vc_btn title=&#8220;Restaurant \u00d8 Menu 2024 DK&#8220; style=&#8220;outline-custom&#8220; outline_custom_color=&#8220;#666666&#8243; outline_custom_hover_background=&#8220;#666666&#8243; outline_custom_hover_text=&#8220;#ffffff&#8220; shape=&#8220;square&#8220; align=&#8220;center&#8220; button_block=&#8220;true&#8220; link=&#8220;url:https%3A%2F%2Fhotelfriheden.dk%2Fwp-content%2Fuploads%2F2024%2F03%2Fmenu2024250324-kopi.pdf|title:Restaurant%20%C3%98%20Menu%202023%20DK|target:_blank|&#8220;]<div class=\"ult-spacer spacer-69f6f9e44a2c0\" data-id=\"69f6f9e44a2c0\" data-height=\"0\" data-height-mobile=\"30\" data-height-tab=\"60\" data-height-tab-portrait=\"60\" data-height-mobile-landscape=\"30\" style=\"clear:both;display:block;\"><\/div>[\/vc_column_inner][vc_column_inner width=&#8220;1\/2&#8243; offset=&#8220;vc_col-lg-3 vc_col-md-6 vc_col-xs-12&#8243;][vc_btn title=&#8220;Restaurant \u00d8 Menu 2023 DE&#8220; style=&#8220;outline-custom&#8220; outline_custom_color=&#8220;#666666&#8243; outline_custom_hover_background=&#8220;#666666&#8243; outline_custom_hover_text=&#8220;#ffffff&#8220; shape=&#8220;square&#8220; align=&#8220;center&#8220; button_block=&#8220;true&#8220; link=&#8220;url:%2Fwp-content%2Fuploads%2F2023%2F12%2Ftysk-menu-2023150423.pdf|title:Restaurant%20%C3%98%20Menu%202023%20DE|target:_blank|&#8220;]<div class=\"ult-spacer spacer-69f6f9e44a2ef\" data-id=\"69f6f9e44a2ef\" data-height=\"0\" data-height-mobile=\"30\" data-height-tab=\"60\" data-height-tab-portrait=\"60\" data-height-mobile-landscape=\"30\" style=\"clear:both;display:block;\"><\/div>[\/vc_column_inner][vc_column_inner width=&#8220;1\/2&#8243; offset=&#8220;vc_col-lg-3 vc_col-md-6 vc_col-xs-12&#8243;][vc_btn title=&#8220;Restaurant \u00d8 Menu 2023 EN&#8220; style=&#8220;outline-custom&#8220; outline_custom_color=&#8220;#666666&#8243; outline_custom_hover_background=&#8220;#666666&#8243; outline_custom_hover_text=&#8220;#ffffff&#8220; shape=&#8220;square&#8220; align=&#8220;center&#8220; button_block=&#8220;true&#8220; link=&#8220;url:%2Fwp-content%2Fuploads%2F2023%2F12%2Fsider-fra-menu2023marts4english.pdf|title:Restaurant%20%C3%98%20Menu%202023%20EN|target:_blank|&#8220;]<div class=\"ult-spacer spacer-69f6f9e44a31b\" data-id=\"69f6f9e44a31b\" data-height=\"0\" data-height-mobile=\"30\" data-height-tab=\"0\" data-height-tab-portrait=\"0\" data-height-mobile-landscape=\"30\" style=\"clear:both;display:block;\"><\/div>[\/vc_column_inner][vc_column_inner width=&#8220;1\/2&#8243; offset=&#8220;vc_col-lg-3 vc_col-md-6 vc_col-xs-12&#8243;][vc_btn title=&#8220;Halbpension \/ Das 2-G\u00e4nge-Men\u00fc des K\u00fcchenchefs&#8220; style=&#8220;outline-custom&#8220; outline_custom_color=&#8220;#666666&#8243; outline_custom_hover_background=&#8220;#666666&#8243; outline_custom_hover_text=&#8220;#ffffff&#8220; shape=&#8220;square&#8220; align=&#8220;center&#8220; button_block=&#8220;true&#8220; link=&#8220;url:%2Fwp-content%2Fuploads%2F2023%2F12%2Fkokkens-2-retter-789oktober2023.pdf|title:Halbpension%20%2F%20Das%202-G%C3%A4nge-Men%C3%BC%20des%20K%C3%BCchenchefs|target:_blank|&#8220;][\/vc_column_inner][\/vc_row_inner][vc_empty_space height=&#8220;60px&#8220;][\/vc_column][\/vc_row][vc_row full_width=&#8220;stretch_row_content_no_spaces&#8220;][vc_column]<div class=\"ult-spacer spacer-69f6f9e44a347\" data-id=\"69f6f9e44a347\" data-height=\"30\" data-height-mobile=\"0\" data-height-tab=\"30\" data-height-tab-portrait=\"0\" data-height-mobile-landscape=\"0\" style=\"clear:both;display:block;\"><\/div>[vc_row_inner equal_height=&#8220;yes&#8220; el_class=&#8220;reverse&#8220;][vc_column_inner css=&#8220;.vc_custom_1703836543970{margin-right: 30px !important;margin-left: 30px !important;background-image: url(https:\/\/hotelfriheden.dk\/wp-content\/uploads\/2023\/12\/mad-500x500px-001.jpg?id=4670) !important;background-position: center !important;background-repeat: no-repeat !important;background-size: cover !important;}&#8220; offset=&#8220;vc_col-lg-6 vc_col-md-6 vc_col-xs-12&#8243;]<div class=\"ult-spacer spacer-69f6f9e44a370\" data-id=\"69f6f9e44a370\" data-height=\"0\" data-height-mobile=\"200\" data-height-tab=\"0\" data-height-tab-portrait=\"300\" data-height-mobile-landscape=\"250\" style=\"clear:both;display:block;\"><\/div>[\/vc_column_inner][vc_column_inner el_class=&#8220;small-stretch&#8220; offset=&#8220;vc_col-lg-6 vc_col-md-6 vc_col-xs-12&#8243;][vc_column_text]<\/p>\n<h3>Halbpension<\/h3>\n<p>F\u00fcr die G\u00e4ste des Hotel Friheden bieten wir eine attraktive Halbpension an: W\u00e4hlen Sie ein Hauptgericht und eine Vorspeise oder ein Dessert von der Karte f\u00fcr nur DKK 295 pro Person und Tag.<br \/>\nUnd nat\u00fcrlich ist das gro\u00dfe Salatbuffet im Restaurant \u00d8 ebenfalls inklusive.<\/p>\n<p>Die Halbpension muss sp\u00e4testens beim Check-in bestellt werden, und sie muss f\u00fcr alle Tage bestellt werden.[\/vc_column_text][vc_empty_space height=&#8220;30px&#8220;][vc_raw_html]W2Zvcm1pbmF0b3JfZm9ybSBpZD0iNDg5NyJd[\/vc_raw_html][\/vc_column_inner][\/vc_row_inner]<div class=\"ult-spacer spacer-69f6f9e44a39e\" data-id=\"69f6f9e44a39e\" data-height=\"30\" data-height-mobile=\"60\" data-height-tab=\"30\" data-height-tab-portrait=\"60\" data-height-mobile-landscape=\"60\" style=\"clear:both;display:block;\"><\/div>[\/vc_column][\/vc_row]<\/p>\n<\/section>","protected":false},"excerpt":{"rendered":"<p>[vc_row full_width=&#8220;stretch_row_content_no_spaces&#8220;][vc_column][vc_row_inner equal_height=&#8220;yes&#8220;][vc_column_inner el_class=&#8220;small-stretch&#8220; offset=&#8220;vc_col-lg-6 vc_col-md-6 vc_col-xs-12&#8243;][vc_single_image image=&#8220;4890&#8243; el_class=&#8220;restaurant-logo&#8220;][vc_empty_space height=&#8220;30px&#8220;][vc_column_text]Suchen Sie nach einem Restaurant in Allinge auf Bornholm? Das Restaurant \u00d8 im Hotel Friheden \u00f6ffnet t\u00e4glich um 15:00 Uhr f\u00fcr den Getr\u00e4nkeservice, und um 18:00 Uhr \u00f6ffnet die K\u00fcche. Im Restaurant \u00d8 k\u00f6nnen die G\u00e4ste in Ruhe ein gutes Abendessen und einen sch\u00f6nen Blick auf &#8230; <a title=\"Restaurant \u00d8 &#8211; Restaurant in Allinge auf Bornholm\" class=\"read-more\" href=\"https:\/\/hotelfriheden.dk\/de\/restaurant-oe-restaurant-in-allinge-auf-bornholm\/\" aria-label=\"Mehr zu Restaurant \u00d8 &#8211; Restaurant in Allinge auf Bornholm\">Weiterlesen &#8230;<\/a><\/p>\n","protected":false},"author":3,"featured_media":4853,"parent":0,"menu_order":3,"comment_status":"closed","ping_status":"closed","template":"","meta":{"_acf_changed":false,"footnotes":""},"categories":[54],"acf":[],"yoast_head":"<!-- This site is optimized with the Yoast SEO plugin v24.5 - https:\/\/yoast.com\/wordpress\/plugins\/seo\/ -->\n<title>Restaurant \u00d8 - Restaurant in Allinge auf Bornholm | Hotel Friheden<\/title>\n<meta name=\"description\" content=\"Suchen Sie nach einem Restaurant in Allinge auf Bornholm? P\u00e5 Hotel Friheden ApS finden Sie das Restaurant \u00d8 mit Blick auf die Ostsee. Kontaktiere uns heute\" \/>\n<meta name=\"robots\" content=\"index, follow, max-snippet:-1, max-image-preview:large, max-video-preview:-1\" \/>\n<link rel=\"canonical\" href=\"https:\/\/hotelfriheden.dk\/de\/restaurant-oe-restaurant-in-allinge-auf-bornholm\/\" \/>\n<meta property=\"og:locale\" content=\"de_DE\" \/>\n<meta property=\"og:type\" content=\"article\" \/>\n<meta property=\"og:title\" content=\"Restaurant \u00d8 - Restaurant in Allinge auf Bornholm | Hotel Friheden\" \/>\n<meta property=\"og:description\" content=\"Suchen Sie nach einem Restaurant in Allinge auf Bornholm? P\u00e5 Hotel Friheden ApS finden Sie das Restaurant \u00d8 mit Blick auf die Ostsee. Kontaktiere uns heute\" \/>\n<meta property=\"og:url\" content=\"https:\/\/hotelfriheden.dk\/de\/restaurant-oe-restaurant-in-allinge-auf-bornholm\/\" \/>\n<meta property=\"og:site_name\" content=\"Hotel Friheden ApS\" \/>\n<meta property=\"article:modified_time\" content=\"2024-06-17T12:44:07+00:00\" \/>\n<meta property=\"og:image\" content=\"https:\/\/hotelfriheden.dk\/wp-content\/uploads\/2023\/12\/mad-500x500px-006.jpg\" \/>\n\t<meta property=\"og:image:width\" content=\"500\" \/>\n\t<meta property=\"og:image:height\" content=\"500\" \/>\n\t<meta property=\"og:image:type\" content=\"image\/jpeg\" \/>\n<meta name=\"twitter:card\" content=\"summary_large_image\" \/>\n<meta name=\"twitter:label1\" content=\"Gesch\u00e4tzte Lesezeit\" \/>\n\t<meta name=\"twitter:data1\" content=\"5\u00a0Minuten\" \/>\n<script type=\"application\/ld+json\" class=\"yoast-schema-graph\">{\"@context\":\"https:\/\/schema.org\",\"@graph\":[{\"@type\":\"WebPage\",\"@id\":\"https:\/\/hotelfriheden.dk\/de\/restaurant-oe-restaurant-in-allinge-auf-bornholm\/\",\"url\":\"https:\/\/hotelfriheden.dk\/de\/restaurant-oe-restaurant-in-allinge-auf-bornholm\/\",\"name\":\"Restaurant \u00d8 - Restaurant in Allinge auf Bornholm | Hotel Friheden\",\"isPartOf\":{\"@id\":\"https:\/\/hotelfriheden.dk\/de\/#website\"},\"primaryImageOfPage\":{\"@id\":\"https:\/\/hotelfriheden.dk\/de\/restaurant-oe-restaurant-in-allinge-auf-bornholm\/#primaryimage\"},\"image\":{\"@id\":\"https:\/\/hotelfriheden.dk\/de\/restaurant-oe-restaurant-in-allinge-auf-bornholm\/#primaryimage\"},\"thumbnailUrl\":\"https:\/\/hotelfriheden.dk\/wp-content\/uploads\/2023\/12\/mad-500x500px-006.jpg\",\"datePublished\":\"2023-12-22T12:26:59+00:00\",\"dateModified\":\"2024-06-17T12:44:07+00:00\",\"description\":\"Suchen Sie nach einem Restaurant in Allinge auf Bornholm? P\u00e5 Hotel Friheden ApS finden Sie das Restaurant \u00d8 mit Blick auf die Ostsee. Kontaktiere uns heute\",\"breadcrumb\":{\"@id\":\"https:\/\/hotelfriheden.dk\/de\/restaurant-oe-restaurant-in-allinge-auf-bornholm\/#breadcrumb\"},\"inLanguage\":\"de\",\"potentialAction\":[{\"@type\":\"ReadAction\",\"target\":[\"https:\/\/hotelfriheden.dk\/de\/restaurant-oe-restaurant-in-allinge-auf-bornholm\/\"]}]},{\"@type\":\"ImageObject\",\"inLanguage\":\"de\",\"@id\":\"https:\/\/hotelfriheden.dk\/de\/restaurant-oe-restaurant-in-allinge-auf-bornholm\/#primaryimage\",\"url\":\"https:\/\/hotelfriheden.dk\/wp-content\/uploads\/2023\/12\/mad-500x500px-006.jpg\",\"contentUrl\":\"https:\/\/hotelfriheden.dk\/wp-content\/uploads\/2023\/12\/mad-500x500px-006.jpg\",\"width\":500,\"height\":500},{\"@type\":\"BreadcrumbList\",\"@id\":\"https:\/\/hotelfriheden.dk\/de\/restaurant-oe-restaurant-in-allinge-auf-bornholm\/#breadcrumb\",\"itemListElement\":[{\"@type\":\"ListItem\",\"position\":1,\"name\":\"Hjem\",\"item\":\"https:\/\/hotelfriheden.dk\/de\/titelseite\/\"},{\"@type\":\"ListItem\",\"position\":2,\"name\":\"Restaurant \u00d8 &#8211; Restaurant in Allinge auf Bornholm\"}]},{\"@type\":\"WebSite\",\"@id\":\"https:\/\/hotelfriheden.dk\/de\/#website\",\"url\":\"https:\/\/hotelfriheden.dk\/de\/\",\"name\":\"Hotel Friheden ApS\",\"description\":\"Hotel Friheden er integreret hotel samt restaurant og tilbyder overnatning\",\"publisher\":{\"@id\":\"https:\/\/hotelfriheden.dk\/de\/#organization\"},\"potentialAction\":[{\"@type\":\"SearchAction\",\"target\":{\"@type\":\"EntryPoint\",\"urlTemplate\":\"https:\/\/hotelfriheden.dk\/de\/?s={search_term_string}\"},\"query-input\":{\"@type\":\"PropertyValueSpecification\",\"valueRequired\":true,\"valueName\":\"search_term_string\"}}],\"inLanguage\":\"de\"},{\"@type\":\"Organization\",\"@id\":\"https:\/\/hotelfriheden.dk\/de\/#organization\",\"name\":\"Hotel Friheden ApS\",\"url\":\"https:\/\/hotelfriheden.dk\/de\/\",\"logo\":{\"@type\":\"ImageObject\",\"inLanguage\":\"de\",\"@id\":\"https:\/\/hotelfriheden.dk\/de\/#\/schema\/logo\/image\/\",\"url\":\"https:\/\/hotelfriheden.dk\/wp-content\/uploads\/2024\/02\/hotel-friheden-1.png\",\"contentUrl\":\"https:\/\/hotelfriheden.dk\/wp-content\/uploads\/2024\/02\/hotel-friheden-1.png\",\"width\":500,\"height\":500,\"caption\":\"Hotel Friheden ApS\"},\"image\":{\"@id\":\"https:\/\/hotelfriheden.dk\/de\/#\/schema\/logo\/image\/\"}}]}<\/script>\n<!-- \/ Yoast SEO plugin. -->","yoast_head_json":{"title":"Restaurant \u00d8 - Restaurant in Allinge auf Bornholm | Hotel Friheden","description":"Suchen Sie nach einem Restaurant in Allinge auf Bornholm? P\u00e5 Hotel Friheden ApS finden Sie das Restaurant \u00d8 mit Blick auf die Ostsee. Kontaktiere uns heute","robots":{"index":"index","follow":"follow","max-snippet":"max-snippet:-1","max-image-preview":"max-image-preview:large","max-video-preview":"max-video-preview:-1"},"canonical":"https:\/\/hotelfriheden.dk\/de\/restaurant-oe-restaurant-in-allinge-auf-bornholm\/","og_locale":"de_DE","og_type":"article","og_title":"Restaurant \u00d8 - Restaurant in Allinge auf Bornholm | Hotel Friheden","og_description":"Suchen Sie nach einem Restaurant in Allinge auf Bornholm? P\u00e5 Hotel Friheden ApS finden Sie das Restaurant \u00d8 mit Blick auf die Ostsee. Kontaktiere uns heute","og_url":"https:\/\/hotelfriheden.dk\/de\/restaurant-oe-restaurant-in-allinge-auf-bornholm\/","og_site_name":"Hotel Friheden ApS","article_modified_time":"2024-06-17T12:44:07+00:00","og_image":[{"width":500,"height":500,"url":"https:\/\/hotelfriheden.dk\/wp-content\/uploads\/2023\/12\/mad-500x500px-006.jpg","type":"image\/jpeg"}],"twitter_card":"summary_large_image","twitter_misc":{"Gesch\u00e4tzte Lesezeit":"5\u00a0Minuten"},"schema":{"@context":"https:\/\/schema.org","@graph":[{"@type":"WebPage","@id":"https:\/\/hotelfriheden.dk\/de\/restaurant-oe-restaurant-in-allinge-auf-bornholm\/","url":"https:\/\/hotelfriheden.dk\/de\/restaurant-oe-restaurant-in-allinge-auf-bornholm\/","name":"Restaurant \u00d8 - Restaurant in Allinge auf Bornholm | Hotel Friheden","isPartOf":{"@id":"https:\/\/hotelfriheden.dk\/de\/#website"},"primaryImageOfPage":{"@id":"https:\/\/hotelfriheden.dk\/de\/restaurant-oe-restaurant-in-allinge-auf-bornholm\/#primaryimage"},"image":{"@id":"https:\/\/hotelfriheden.dk\/de\/restaurant-oe-restaurant-in-allinge-auf-bornholm\/#primaryimage"},"thumbnailUrl":"https:\/\/hotelfriheden.dk\/wp-content\/uploads\/2023\/12\/mad-500x500px-006.jpg","datePublished":"2023-12-22T12:26:59+00:00","dateModified":"2024-06-17T12:44:07+00:00","description":"Suchen Sie nach einem Restaurant in Allinge auf Bornholm? P\u00e5 Hotel Friheden ApS finden Sie das Restaurant \u00d8 mit Blick auf die Ostsee. Kontaktiere uns heute","breadcrumb":{"@id":"https:\/\/hotelfriheden.dk\/de\/restaurant-oe-restaurant-in-allinge-auf-bornholm\/#breadcrumb"},"inLanguage":"de","potentialAction":[{"@type":"ReadAction","target":["https:\/\/hotelfriheden.dk\/de\/restaurant-oe-restaurant-in-allinge-auf-bornholm\/"]}]},{"@type":"ImageObject","inLanguage":"de","@id":"https:\/\/hotelfriheden.dk\/de\/restaurant-oe-restaurant-in-allinge-auf-bornholm\/#primaryimage","url":"https:\/\/hotelfriheden.dk\/wp-content\/uploads\/2023\/12\/mad-500x500px-006.jpg","contentUrl":"https:\/\/hotelfriheden.dk\/wp-content\/uploads\/2023\/12\/mad-500x500px-006.jpg","width":500,"height":500},{"@type":"BreadcrumbList","@id":"https:\/\/hotelfriheden.dk\/de\/restaurant-oe-restaurant-in-allinge-auf-bornholm\/#breadcrumb","itemListElement":[{"@type":"ListItem","position":1,"name":"Hjem","item":"https:\/\/hotelfriheden.dk\/de\/titelseite\/"},{"@type":"ListItem","position":2,"name":"Restaurant \u00d8 &#8211; Restaurant in Allinge auf Bornholm"}]},{"@type":"WebSite","@id":"https:\/\/hotelfriheden.dk\/de\/#website","url":"https:\/\/hotelfriheden.dk\/de\/","name":"Hotel Friheden ApS","description":"Hotel Friheden er integreret hotel samt restaurant og tilbyder overnatning","publisher":{"@id":"https:\/\/hotelfriheden.dk\/de\/#organization"},"potentialAction":[{"@type":"SearchAction","target":{"@type":"EntryPoint","urlTemplate":"https:\/\/hotelfriheden.dk\/de\/?s={search_term_string}"},"query-input":{"@type":"PropertyValueSpecification","valueRequired":true,"valueName":"search_term_string"}}],"inLanguage":"de"},{"@type":"Organization","@id":"https:\/\/hotelfriheden.dk\/de\/#organization","name":"Hotel Friheden ApS","url":"https:\/\/hotelfriheden.dk\/de\/","logo":{"@type":"ImageObject","inLanguage":"de","@id":"https:\/\/hotelfriheden.dk\/de\/#\/schema\/logo\/image\/","url":"https:\/\/hotelfriheden.dk\/wp-content\/uploads\/2024\/02\/hotel-friheden-1.png","contentUrl":"https:\/\/hotelfriheden.dk\/wp-content\/uploads\/2024\/02\/hotel-friheden-1.png","width":500,"height":500,"caption":"Hotel Friheden ApS"},"image":{"@id":"https:\/\/hotelfriheden.dk\/de\/#\/schema\/logo\/image\/"}}]}},"_links":{"self":[{"href":"https:\/\/hotelfriheden.dk\/de\/wp-json\/wp\/v2\/pages\/5231"}],"collection":[{"href":"https:\/\/hotelfriheden.dk\/de\/wp-json\/wp\/v2\/pages"}],"about":[{"href":"https:\/\/hotelfriheden.dk\/de\/wp-json\/wp\/v2\/types\/page"}],"author":[{"embeddable":true,"href":"https:\/\/hotelfriheden.dk\/de\/wp-json\/wp\/v2\/users\/3"}],"replies":[{"embeddable":true,"href":"https:\/\/hotelfriheden.dk\/de\/wp-json\/wp\/v2\/comments?post=5231"}],"version-history":[{"count":2,"href":"https:\/\/hotelfriheden.dk\/de\/wp-json\/wp\/v2\/pages\/5231\/revisions"}],"predecessor-version":[{"id":5233,"href":"https:\/\/hotelfriheden.dk\/de\/wp-json\/wp\/v2\/pages\/5231\/revisions\/5233"}],"wp:featuredmedia":[{"embeddable":true,"href":"https:\/\/hotelfriheden.dk\/de\/wp-json\/wp\/v2\/media\/4853"}],"wp:attachment":[{"href":"https:\/\/hotelfriheden.dk\/de\/wp-json\/wp\/v2\/media?parent=5231"}],"wp:term":[{"taxonomy":"category","embeddable":true,"href":"https:\/\/hotelfriheden.dk\/de\/wp-json\/wp\/v2\/categories?post=5231"}],"curies":[{"name":"wp","href":"https:\/\/api.w.org\/{rel}","templated":true}]}}