{"id":5219,"date":"2023-12-22T13:26:59","date_gmt":"2023-12-22T12:26:59","guid":{"rendered":"https:\/\/hotelfriheden.dk\/hotel-friheden\/"},"modified":"2024-06-17T14:01:34","modified_gmt":"2024-06-17T12:01:34","slug":"hotel-friheden","status":"publish","type":"page","link":"https:\/\/hotelfriheden.dk\/de\/hotel-friheden\/","title":{"rendered":"Hotel Friheden"},"content":{"rendered":"<section class=\"wpb-content-wrapper\"><p>[vc_row full_width=&#8220;stretch_row_content_no_spaces&#8220;][vc_column]<div class=\"ult-spacer spacer-69f7084bb537b\" data-id=\"69f7084bb537b\" data-height=\"30\" data-height-mobile=\"0\" data-height-tab=\"30\" data-height-tab-portrait=\"0\" data-height-mobile-landscape=\"0\" style=\"clear:both;display:block;\"><\/div>[vc_row_inner equal_height=&#8220;yes&#8220;][vc_column_inner el_class=&#8220;small-stretch&#8220; offset=&#8220;vc_col-lg-6 vc_col-md-6 vc_col-xs-12&#8243;][vc_column_text]<\/p>\n<h2>Hotel Friheden<\/h2>\n<p>&nbsp;<\/p>\n<p>Das Hotel Friheden liegt in wundersch\u00f6ner Umgebung in Sandk\u00e5s an der felsigen Nordk\u00fcste Bornholms mit direktem Blick auf die Ostsee.<br \/>\nDas Hotel hat Wurzeln bis in die vierziger Jahre zur\u00fcck und ist damit eines der traditionsreichsten Hotels auf Bornholm.<br \/>\nHeute sind nur noch der Name und die Lage von damals \u00fcbrig geblieben, denn das Hotel Friheden ist jetzt ein modernes Hotel mit 47 neu renovierten Zimmern, viele davon mit herrlichem Meerblick.<br \/>\nDas Hotel verf\u00fcgt au\u00dferdem \u00fcber einen Innenpoolbereich mit Sauna, der von den Hotelg\u00e4sten frei genutzt werden kann.<\/p>\n<p>&nbsp;<\/p>\n<p>Das Restaurant im Hotel Friheden hei\u00dft kurz und einfach Restaurant \u00d8.<br \/>\nHier steht das umfangreiche Fr\u00fchst\u00fccksbuffet des Hotels t\u00e4glich zwischen 7:30 und 10:00 Uhr bereit, und um 15:00 Uhr \u00f6ffnet das Restaurant f\u00fcr den Verkauf von kalten und warmen Getr\u00e4nken, Cocktails usw.<br \/>\nDie K\u00fcche \u00f6ffnet um 18:00 Uhr und bietet eine breite und abwechslungsreiche Speise- und Weinkarte f\u00fcr jeden Geschmack.<br \/>\nVom Restaurant und der gro\u00dfen \u00fcberdachten Terrasse aus bietet sich ein Panoramablick auf die Ostsee.<\/p>\n<p>&nbsp;<\/p>\n<p>Im Hotel Friheden und im Restaurant \u00d8 herrscht Frieden und Ruhe sowie eine unber\u00fchrte Atmosph\u00e4re von Freiheit und Entspannung. Mit kurzer Entfernung und guten Verbindungen zu den vielen Attraktionen und Sehensw\u00fcrdigkeiten der Insel, nur wenige hundert Meter vom sch\u00f6nen Badestrand entfernt und etwa 7 km vom wundersch\u00f6n gelegenen Nordbornholms Golfplatz entfernt, ist das Hotel der ideale Ausgangspunkt f\u00fcr einen Aufenthalt auf Bornholm, egal ob es sich um Tage oder Wochen, Arbeit oder Urlaub handelt.<\/p>\n<p>&nbsp;<\/p>\n<p>Bornholm verf\u00fcgt \u00fcber viele sch\u00f6ne Radwege, darunter auch Teile der ehemaligen Eisenbahnstrecken.<br \/>\nDie vergleichsweise kurzen Entfernungen machen es au\u00dferdem m\u00f6glich, die Insel ideal mit dem Fahrrad zu erkunden.<br \/>\nIm Hotel Friheden k\u00f6nnen Fahrr\u00e4der in allen Gr\u00f6\u00dfen und genau f\u00fcr den gew\u00fcnschten Zeitraum gemietet werden.<br \/>\nUnd nat\u00fcrlich haben wir auch E-Bikes, f\u00fcr diejenigen, die sich nicht an die vielen H\u00fcgel Bornholms herantrauen&#8230;<\/p>\n<p>&nbsp;<\/p>\n<p>Im Hotel Friheden bieten wir eine Stornierungsgarantie.<br \/>\nWenn Sie direkt buchen, entweder telefonisch oder hier auf der Website, k\u00f6nnen Sie bis 12:00 Uhr am Tag vor der geplanten Ankunft kostenlos stornieren.<br \/>\nDies gilt auch, wenn Sie Ihren Aufenthalt \u00e4ndern m\u00f6chten.<br \/>\nBitte beachten Sie, dass diese Garantie nur gilt, wenn direkt im Hotel Friheden gebucht wurde.<\/p>\n<p>&nbsp;<\/p>\n<p>Haustiere sind im Hotel Friheden nicht gestattet.<\/p>\n<p>&nbsp;<\/p>\n<p>Willkommen auf Bornholm und willkommen im Hotel Friheden.[\/vc_column_text][\/vc_column_inner][vc_column_inner css=&#8220;.vc_custom_1703836848546{margin-right: 30px !important;margin-left: 30px !important;background-image: url(https:\/\/hotelfriheden.dk\/wp-content\/uploads\/2023\/12\/siddeomraade-001-768&#215;576-1.jpg?id=4641) !important;background-position: center !important;background-repeat: no-repeat !important;background-size: cover !important;}&#8220; offset=&#8220;vc_col-lg-6 vc_col-md-6 vc_col-xs-12&#8243;]<div class=\"ult-spacer spacer-69f7084bb53cd\" data-id=\"69f7084bb53cd\" data-height=\"0\" data-height-mobile=\"200\" data-height-tab=\"0\" data-height-tab-portrait=\"300\" data-height-mobile-landscape=\"250\" style=\"clear:both;display:block;\"><\/div>[\/vc_column_inner][\/vc_row_inner]<div class=\"ult-spacer spacer-69f7084bb53f3\" data-id=\"69f7084bb53f3\" data-height=\"30\" data-height-mobile=\"60\" data-height-tab=\"30\" data-height-tab-portrait=\"60\" data-height-mobile-landscape=\"60\" style=\"clear:both;display:block;\"><\/div>[\/vc_column][\/vc_row][vc_row full_width=&#8220;stretch_row_content_no_spaces&#8220; el_class=&#8220;light&#8220;][vc_column]<div class=\"ult-spacer spacer-69f7084bb5412\" data-id=\"69f7084bb5412\" data-height=\"30\" data-height-mobile=\"0\" data-height-tab=\"30\" data-height-tab-portrait=\"0\" data-height-mobile-landscape=\"0\" style=\"clear:both;display:block;\"><\/div>[vc_row_inner equal_height=&#8220;yes&#8220; el_class=&#8220;reverse&#8220;][vc_column_inner css=&#8220;.vc_custom_1703836927172{margin-right: 30px !important;margin-left: 30px !important;background-image: url(https:\/\/hotelfriheden.dk\/wp-content\/uploads\/2023\/12\/friheden-16-9-013-768&#215;432-1.jpg?id=4648) !important;background-position: center !important;background-repeat: no-repeat !important;background-size: cover !important;}&#8220; offset=&#8220;vc_col-lg-6 vc_col-md-6 vc_col-xs-12&#8243;]<div class=\"ult-spacer spacer-69f7084bb542f\" data-id=\"69f7084bb542f\" data-height=\"0\" data-height-mobile=\"200\" data-height-tab=\"0\" data-height-tab-portrait=\"300\" data-height-mobile-landscape=\"250\" style=\"clear:both;display:block;\"><\/div>[\/vc_column_inner][vc_column_inner el_class=&#8220;small-stretch&#8220; offset=&#8220;vc_col-lg-6 vc_col-md-6 vc_col-xs-12&#8243;][vc_column_text]<\/p>\n<h2>Die Gegend<\/h2>\n<p>&nbsp;<\/p>\n<p>Durch seine Lage in Sandk\u00e5s zwischen Allinge und Tejn an der Nordk\u00fcste Bornholms liegt das Hotel Friheden zentral zu einigen der gr\u00f6\u00dften Sehensw\u00fcrdigkeiten Bornholms.<\/p>\n<p>Hammershus und Hammerknuden sind weniger als zehn Kilometer vom Hotel entfernt, ebenso wie das Kunstmuseum Bornholms und der gr\u00f6\u00dfte freiflie\u00dfende Wasserfall D\u00e4nemarks, der im beeindruckenden und gesch\u00fctzten D\u00f8ndal liegt.<\/p>\n<p>Und mit nur 25 Kilometern nach R\u00f8nne ist es auch einfach, einen Abstecher in die Hauptstadt der Insel zu machen, die immer einen Besuch wert ist.<\/p>\n<p>Es gibt eine Bushaltestelle direkt vor dem Hotel Friheden, kostenlose Parkpl\u00e4tze am Hotel und Fahrradverleih, sodass Ihnen das Hotel Friheden alle M\u00f6glichkeiten bietet, Bornholm zu erkunden.<\/p>\n<p>Ein gro\u00dfer Teil des Personals im Hotel Friheden stammt von Bornholm und steht Ihnen gerne mit Rat und Tat zur Seite.<\/p>\n<p>In der Hotelrezeption finden Sie au\u00dferdem Informationsmaterial zu praktisch allen Sehensw\u00fcrdigkeiten und Attraktionen der Insel.[\/vc_column_text][\/vc_column_inner][\/vc_row_inner]<div class=\"ult-spacer spacer-69f7084bb544a\" data-id=\"69f7084bb544a\" data-height=\"30\" data-height-mobile=\"60\" data-height-tab=\"30\" data-height-tab-portrait=\"60\" data-height-mobile-landscape=\"60\" style=\"clear:both;display:block;\"><\/div>[\/vc_column][\/vc_row]<\/p>\n<\/section>","protected":false},"excerpt":{"rendered":"<p>[vc_row full_width=&#8220;stretch_row_content_no_spaces&#8220;][vc_column][vc_row_inner equal_height=&#8220;yes&#8220;][vc_column_inner el_class=&#8220;small-stretch&#8220; offset=&#8220;vc_col-lg-6 vc_col-md-6 vc_col-xs-12&#8243;][vc_column_text] Hotel Friheden &nbsp; Das Hotel Friheden liegt in wundersch\u00f6ner Umgebung in Sandk\u00e5s an der felsigen Nordk\u00fcste Bornholms mit direktem Blick auf die Ostsee. Das Hotel hat Wurzeln bis in die vierziger Jahre zur\u00fcck und ist damit eines der traditionsreichsten Hotels auf Bornholm. Heute sind nur noch der Name &#8230; <a title=\"Hotel Friheden\" class=\"read-more\" href=\"https:\/\/hotelfriheden.dk\/de\/hotel-friheden\/\" aria-label=\"Mehr zu Hotel Friheden\">Weiterlesen &#8230;<\/a><\/p>\n","protected":false},"author":3,"featured_media":4755,"parent":0,"menu_order":1,"comment_status":"closed","ping_status":"closed","template":"","meta":{"_acf_changed":false,"footnotes":""},"categories":[54],"acf":[],"yoast_head":"<!-- This site is optimized with the Yoast SEO plugin v24.5 - https:\/\/yoast.com\/wordpress\/plugins\/seo\/ -->\n<title>Hotel Friheden | Hotel Friheden ApS<\/title>\n<meta name=\"robots\" content=\"index, follow, max-snippet:-1, max-image-preview:large, max-video-preview:-1\" \/>\n<link rel=\"canonical\" href=\"https:\/\/hotelfriheden.dk\/de\/hotel-friheden\/\" \/>\n<meta property=\"og:locale\" content=\"de_DE\" \/>\n<meta property=\"og:type\" content=\"article\" \/>\n<meta property=\"og:title\" content=\"Hotel Friheden | Hotel Friheden ApS\" \/>\n<meta property=\"og:description\" content=\"[vc_row full_width=&#8220;stretch_row_content_no_spaces&#8220;][vc_column][vc_row_inner equal_height=&#8220;yes&#8220;][vc_column_inner el_class=&#8220;small-stretch&#8220; offset=&#8220;vc_col-lg-6 vc_col-md-6 vc_col-xs-12&#8243;][vc_column_text] Hotel Friheden &nbsp; Das Hotel Friheden liegt in wundersch\u00f6ner Umgebung in Sandk\u00e5s an der felsigen Nordk\u00fcste Bornholms mit direktem Blick auf die Ostsee. Das Hotel hat Wurzeln bis in die vierziger Jahre zur\u00fcck und ist damit eines der traditionsreichsten Hotels auf Bornholm. Heute sind nur noch der Name ... Weiterlesen ...\" \/>\n<meta property=\"og:url\" content=\"https:\/\/hotelfriheden.dk\/de\/hotel-friheden\/\" \/>\n<meta property=\"og:site_name\" content=\"Hotel Friheden ApS\" \/>\n<meta property=\"article:modified_time\" content=\"2024-06-17T12:01:34+00:00\" \/>\n<meta property=\"og:image\" content=\"https:\/\/hotelfriheden.dk\/wp-content\/uploads\/2023\/12\/friheden-16-9-013-768x432-1.jpg\" \/>\n\t<meta property=\"og:image:width\" content=\"768\" \/>\n\t<meta property=\"og:image:height\" content=\"432\" \/>\n\t<meta property=\"og:image:type\" content=\"image\/jpeg\" \/>\n<meta name=\"twitter:card\" content=\"summary_large_image\" \/>\n<meta name=\"twitter:label1\" content=\"Gesch\u00e4tzte Lesezeit\" \/>\n\t<meta name=\"twitter:data1\" content=\"4\u00a0Minuten\" \/>\n<script type=\"application\/ld+json\" class=\"yoast-schema-graph\">{\"@context\":\"https:\/\/schema.org\",\"@graph\":[{\"@type\":\"WebPage\",\"@id\":\"https:\/\/hotelfriheden.dk\/de\/hotel-friheden\/\",\"url\":\"https:\/\/hotelfriheden.dk\/de\/hotel-friheden\/\",\"name\":\"Hotel Friheden | Hotel Friheden ApS\",\"isPartOf\":{\"@id\":\"https:\/\/hotelfriheden.dk\/de\/#website\"},\"primaryImageOfPage\":{\"@id\":\"https:\/\/hotelfriheden.dk\/de\/hotel-friheden\/#primaryimage\"},\"image\":{\"@id\":\"https:\/\/hotelfriheden.dk\/de\/hotel-friheden\/#primaryimage\"},\"thumbnailUrl\":\"https:\/\/hotelfriheden.dk\/wp-content\/uploads\/2023\/12\/friheden-16-9-013-768x432-1.jpg\",\"datePublished\":\"2023-12-22T12:26:59+00:00\",\"dateModified\":\"2024-06-17T12:01:34+00:00\",\"breadcrumb\":{\"@id\":\"https:\/\/hotelfriheden.dk\/de\/hotel-friheden\/#breadcrumb\"},\"inLanguage\":\"de\",\"potentialAction\":[{\"@type\":\"ReadAction\",\"target\":[\"https:\/\/hotelfriheden.dk\/de\/hotel-friheden\/\"]}]},{\"@type\":\"ImageObject\",\"inLanguage\":\"de\",\"@id\":\"https:\/\/hotelfriheden.dk\/de\/hotel-friheden\/#primaryimage\",\"url\":\"https:\/\/hotelfriheden.dk\/wp-content\/uploads\/2023\/12\/friheden-16-9-013-768x432-1.jpg\",\"contentUrl\":\"https:\/\/hotelfriheden.dk\/wp-content\/uploads\/2023\/12\/friheden-16-9-013-768x432-1.jpg\",\"width\":768,\"height\":432},{\"@type\":\"BreadcrumbList\",\"@id\":\"https:\/\/hotelfriheden.dk\/de\/hotel-friheden\/#breadcrumb\",\"itemListElement\":[{\"@type\":\"ListItem\",\"position\":1,\"name\":\"Hjem\",\"item\":\"https:\/\/hotelfriheden.dk\/de\/titelseite\/\"},{\"@type\":\"ListItem\",\"position\":2,\"name\":\"Hotel Friheden\"}]},{\"@type\":\"WebSite\",\"@id\":\"https:\/\/hotelfriheden.dk\/de\/#website\",\"url\":\"https:\/\/hotelfriheden.dk\/de\/\",\"name\":\"Hotel Friheden ApS\",\"description\":\"Hotel Friheden er integreret hotel samt restaurant og tilbyder overnatning\",\"publisher\":{\"@id\":\"https:\/\/hotelfriheden.dk\/de\/#organization\"},\"potentialAction\":[{\"@type\":\"SearchAction\",\"target\":{\"@type\":\"EntryPoint\",\"urlTemplate\":\"https:\/\/hotelfriheden.dk\/de\/?s={search_term_string}\"},\"query-input\":{\"@type\":\"PropertyValueSpecification\",\"valueRequired\":true,\"valueName\":\"search_term_string\"}}],\"inLanguage\":\"de\"},{\"@type\":\"Organization\",\"@id\":\"https:\/\/hotelfriheden.dk\/de\/#organization\",\"name\":\"Hotel Friheden ApS\",\"url\":\"https:\/\/hotelfriheden.dk\/de\/\",\"logo\":{\"@type\":\"ImageObject\",\"inLanguage\":\"de\",\"@id\":\"https:\/\/hotelfriheden.dk\/de\/#\/schema\/logo\/image\/\",\"url\":\"https:\/\/hotelfriheden.dk\/wp-content\/uploads\/2024\/02\/hotel-friheden-1.png\",\"contentUrl\":\"https:\/\/hotelfriheden.dk\/wp-content\/uploads\/2024\/02\/hotel-friheden-1.png\",\"width\":500,\"height\":500,\"caption\":\"Hotel Friheden ApS\"},\"image\":{\"@id\":\"https:\/\/hotelfriheden.dk\/de\/#\/schema\/logo\/image\/\"}}]}<\/script>\n<!-- \/ Yoast SEO plugin. -->","yoast_head_json":{"title":"Hotel Friheden | Hotel Friheden ApS","robots":{"index":"index","follow":"follow","max-snippet":"max-snippet:-1","max-image-preview":"max-image-preview:large","max-video-preview":"max-video-preview:-1"},"canonical":"https:\/\/hotelfriheden.dk\/de\/hotel-friheden\/","og_locale":"de_DE","og_type":"article","og_title":"Hotel Friheden | Hotel Friheden ApS","og_description":"[vc_row full_width=&#8220;stretch_row_content_no_spaces&#8220;][vc_column][vc_row_inner equal_height=&#8220;yes&#8220;][vc_column_inner el_class=&#8220;small-stretch&#8220; offset=&#8220;vc_col-lg-6 vc_col-md-6 vc_col-xs-12&#8243;][vc_column_text] Hotel Friheden &nbsp; Das Hotel Friheden liegt in wundersch\u00f6ner Umgebung in Sandk\u00e5s an der felsigen Nordk\u00fcste Bornholms mit direktem Blick auf die Ostsee. Das Hotel hat Wurzeln bis in die vierziger Jahre zur\u00fcck und ist damit eines der traditionsreichsten Hotels auf Bornholm. Heute sind nur noch der Name ... Weiterlesen ...","og_url":"https:\/\/hotelfriheden.dk\/de\/hotel-friheden\/","og_site_name":"Hotel Friheden ApS","article_modified_time":"2024-06-17T12:01:34+00:00","og_image":[{"width":768,"height":432,"url":"https:\/\/hotelfriheden.dk\/wp-content\/uploads\/2023\/12\/friheden-16-9-013-768x432-1.jpg","type":"image\/jpeg"}],"twitter_card":"summary_large_image","twitter_misc":{"Gesch\u00e4tzte Lesezeit":"4\u00a0Minuten"},"schema":{"@context":"https:\/\/schema.org","@graph":[{"@type":"WebPage","@id":"https:\/\/hotelfriheden.dk\/de\/hotel-friheden\/","url":"https:\/\/hotelfriheden.dk\/de\/hotel-friheden\/","name":"Hotel Friheden | Hotel Friheden ApS","isPartOf":{"@id":"https:\/\/hotelfriheden.dk\/de\/#website"},"primaryImageOfPage":{"@id":"https:\/\/hotelfriheden.dk\/de\/hotel-friheden\/#primaryimage"},"image":{"@id":"https:\/\/hotelfriheden.dk\/de\/hotel-friheden\/#primaryimage"},"thumbnailUrl":"https:\/\/hotelfriheden.dk\/wp-content\/uploads\/2023\/12\/friheden-16-9-013-768x432-1.jpg","datePublished":"2023-12-22T12:26:59+00:00","dateModified":"2024-06-17T12:01:34+00:00","breadcrumb":{"@id":"https:\/\/hotelfriheden.dk\/de\/hotel-friheden\/#breadcrumb"},"inLanguage":"de","potentialAction":[{"@type":"ReadAction","target":["https:\/\/hotelfriheden.dk\/de\/hotel-friheden\/"]}]},{"@type":"ImageObject","inLanguage":"de","@id":"https:\/\/hotelfriheden.dk\/de\/hotel-friheden\/#primaryimage","url":"https:\/\/hotelfriheden.dk\/wp-content\/uploads\/2023\/12\/friheden-16-9-013-768x432-1.jpg","contentUrl":"https:\/\/hotelfriheden.dk\/wp-content\/uploads\/2023\/12\/friheden-16-9-013-768x432-1.jpg","width":768,"height":432},{"@type":"BreadcrumbList","@id":"https:\/\/hotelfriheden.dk\/de\/hotel-friheden\/#breadcrumb","itemListElement":[{"@type":"ListItem","position":1,"name":"Hjem","item":"https:\/\/hotelfriheden.dk\/de\/titelseite\/"},{"@type":"ListItem","position":2,"name":"Hotel Friheden"}]},{"@type":"WebSite","@id":"https:\/\/hotelfriheden.dk\/de\/#website","url":"https:\/\/hotelfriheden.dk\/de\/","name":"Hotel Friheden ApS","description":"Hotel Friheden er integreret hotel samt restaurant og tilbyder overnatning","publisher":{"@id":"https:\/\/hotelfriheden.dk\/de\/#organization"},"potentialAction":[{"@type":"SearchAction","target":{"@type":"EntryPoint","urlTemplate":"https:\/\/hotelfriheden.dk\/de\/?s={search_term_string}"},"query-input":{"@type":"PropertyValueSpecification","valueRequired":true,"valueName":"search_term_string"}}],"inLanguage":"de"},{"@type":"Organization","@id":"https:\/\/hotelfriheden.dk\/de\/#organization","name":"Hotel Friheden ApS","url":"https:\/\/hotelfriheden.dk\/de\/","logo":{"@type":"ImageObject","inLanguage":"de","@id":"https:\/\/hotelfriheden.dk\/de\/#\/schema\/logo\/image\/","url":"https:\/\/hotelfriheden.dk\/wp-content\/uploads\/2024\/02\/hotel-friheden-1.png","contentUrl":"https:\/\/hotelfriheden.dk\/wp-content\/uploads\/2024\/02\/hotel-friheden-1.png","width":500,"height":500,"caption":"Hotel Friheden ApS"},"image":{"@id":"https:\/\/hotelfriheden.dk\/de\/#\/schema\/logo\/image\/"}}]}},"_links":{"self":[{"href":"https:\/\/hotelfriheden.dk\/de\/wp-json\/wp\/v2\/pages\/5219"}],"collection":[{"href":"https:\/\/hotelfriheden.dk\/de\/wp-json\/wp\/v2\/pages"}],"about":[{"href":"https:\/\/hotelfriheden.dk\/de\/wp-json\/wp\/v2\/types\/page"}],"author":[{"embeddable":true,"href":"https:\/\/hotelfriheden.dk\/de\/wp-json\/wp\/v2\/users\/3"}],"replies":[{"embeddable":true,"href":"https:\/\/hotelfriheden.dk\/de\/wp-json\/wp\/v2\/comments?post=5219"}],"version-history":[{"count":2,"href":"https:\/\/hotelfriheden.dk\/de\/wp-json\/wp\/v2\/pages\/5219\/revisions"}],"predecessor-version":[{"id":5221,"href":"https:\/\/hotelfriheden.dk\/de\/wp-json\/wp\/v2\/pages\/5219\/revisions\/5221"}],"wp:featuredmedia":[{"embeddable":true,"href":"https:\/\/hotelfriheden.dk\/de\/wp-json\/wp\/v2\/media\/4755"}],"wp:attachment":[{"href":"https:\/\/hotelfriheden.dk\/de\/wp-json\/wp\/v2\/media?parent=5219"}],"wp:term":[{"taxonomy":"category","embeddable":true,"href":"https:\/\/hotelfriheden.dk\/de\/wp-json\/wp\/v2\/categories?post=5219"}],"curies":[{"name":"wp","href":"https:\/\/api.w.org\/{rel}","templated":true}]}}