{"id":5213,"date":"2020-02-12T08:51:30","date_gmt":"2020-02-12T07:51:30","guid":{"rendered":"https:\/\/hotelfriheden.dk\/titelseite\/"},"modified":"2024-06-17T13:39:13","modified_gmt":"2024-06-17T11:39:13","slug":"titelseite","status":"publish","type":"page","link":"https:\/\/hotelfriheden.dk\/de\/","title":{"rendered":"Titelseite"},"content":{"rendered":"<section class=\"wpb-content-wrapper\"><p>[vc_row full_width=&#8220;stretch_row&#8220; css=&#8220;.vc_custom_1703840797233{background-image: url(https:\/\/hotelfriheden.dk\/wp-content\/uploads\/2023\/12\/db-img-scaled.jpg?id=4638) !important;background-position: center !important;background-repeat: no-repeat !important;background-size: cover !important;}&#8220; el_class=&#8220;overlay mobile-hero&#8220;][vc_column offset=&#8220;vc_hidden-lg vc_hidden-md vc_hidden-sm&#8220;]<div class=\"ult-spacer spacer-69f6e1aaba3c3\" data-id=\"69f6e1aaba3c3\" data-height=\"0\" data-height-mobile=\"200\" data-height-tab=\"0\" data-height-tab-portrait=\"0\" data-height-mobile-landscape=\"200\" style=\"clear:both;display:block;\"><\/div>[vc_column_text]<\/p>\n<p style=\"text-align: center;\">Hotel Friheden<\/p>\n<p>[\/vc_column_text][vc_empty_space height=&#8220;30px&#8220;][vc_btn title=&#8220;Kontaktiere uns&#8220; style=&#8220;custom&#8220; custom_background=&#8220;#fc5623&#8243; custom_text=&#8220;#ffffff&#8220; shape=&#8220;square&#8220; size=&#8220;sm&#8220; align=&#8220;center&#8220; link=&#8220;url:https%3A%2F%2Fhotelfriheden.dk%2Fkontakt%2F|title:Kontakt|&#8220;]<div class=\"ult-spacer spacer-69f6e1aaba409\" data-id=\"69f6e1aaba409\" data-height=\"0\" data-height-mobile=\"120\" data-height-tab=\"0\" data-height-tab-portrait=\"0\" data-height-mobile-landscape=\"120\" style=\"clear:both;display:block;\"><\/div>[\/vc_column][\/vc_row][vc_row full_width=&#8220;stretch_row_content_no_spaces&#8220;][vc_column]<div class=\"ult-spacer spacer-69f6e1aaba42f\" data-id=\"69f6e1aaba42f\" data-height=\"30\" data-height-mobile=\"0\" data-height-tab=\"30\" data-height-tab-portrait=\"0\" data-height-mobile-landscape=\"0\" style=\"clear:both;display:block;\"><\/div>[vc_row_inner equal_height=&#8220;yes&#8220;][vc_column_inner el_class=&#8220;small-stretch&#8220; offset=&#8220;vc_col-lg-6 vc_col-md-6 vc_col-xs-12&#8243;][vc_column_text]<\/p>\n<h1 style=\"text-align: center;\">Willkommen zur Saison 2024 im Hotel Friheden und im Restaurant \u00d8.<\/h1>\n<h2 style=\"text-align: center;\"><\/h2>\n<p>&nbsp;<\/p>\n<p style=\"text-align: center;\">Die neue Saison hat begonnen, und wir hei\u00dfen Sie sowohl im Hotel als auch im Restaurant herzlich willkommen<\/p>\n<p style=\"text-align: center;\">Und wie jedes Jahr haben wir an beiden Orten gro\u00dfartige Fr\u00fchlingsangebote. N\u00e4here Informationen finden Sie hier auf der Seite oder auf der Facebook-Seite des Hotels.<\/p>\n<p style=\"text-align: center;\">Unsere Telefonleitungen sind t\u00e4glich von 7:00 bis 23:00 Uhr ge\u00f6ffnet, und Sie k\u00f6nnen uns jederzeit unter booking@hotelfriheden.dk erreichen.<\/p>\n<p style=\"text-align: center;\">Willkommen<\/p>\n<p>[\/vc_column_text][vc_empty_space height=&#8220;30px&#8220;][vc_empty_space height=&#8220;30px&#8220;][vc_btn title=&#8220;Aufenhalt buchen&#8220; style=&#8220;outline-custom&#8220; outline_custom_color=&#8220;#666666&#8243; outline_custom_hover_background=&#8220;#666666&#8243; outline_custom_hover_text=&#8220;#ffffff&#8220; shape=&#8220;square&#8220; align=&#8220;center&#8220; link=&#8220;url:http%3A%2F%2Fonline.bookvisit.com%2Faccommodation%2Flist%3FchannelId%3Dce15c0cc-e849-46b5-8169-f409ca5f848f|title:Aufenhalt%20buchen|target:_blank|&#8220;][\/vc_column_inner][vc_column_inner css=&#8220;.vc_custom_1703838730504{margin-right: 30px !important;margin-left: 30px !important;background-image: url(https:\/\/hotelfriheden.dk\/wp-content\/uploads\/2023\/12\/2000-friheden-room-16-9-102.jpg?id=4705) !important;background-position: center !important;background-repeat: no-repeat !important;background-size: cover !important;}&#8220; offset=&#8220;vc_col-lg-6 vc_col-md-6 vc_col-xs-12&#8243;]<div class=\"ult-spacer spacer-69f6e1aaba452\" data-id=\"69f6e1aaba452\" data-height=\"0\" data-height-mobile=\"200\" data-height-tab=\"0\" data-height-tab-portrait=\"300\" data-height-mobile-landscape=\"250\" style=\"clear:both;display:block;\"><\/div>[\/vc_column_inner][\/vc_row_inner][vc_empty_space height=&#8220;30px&#8220;][vc_basic_grid post_type=&#8220;page&#8220; max_items=&#8220;4&#8243; element_width=&#8220;3&#8243; gap=&#8220;20&#8243; orderby=&#8220;menu_order&#8220; order=&#8220;ASC&#8220; item=&#8220;487&#8243; grid_id=&#8220;vc_gid:1712251713560-17d7deb9-5536-8&#8243; taxonomies=&#8220;25&#8243; css=&#8220;.vc_custom_1703839545660{margin-right: 30px !important;margin-left: 30px !important;}&#8220;]<div class=\"ult-spacer spacer-69f6e1aaba47c\" data-id=\"69f6e1aaba47c\" data-height=\"30\" data-height-mobile=\"60\" data-height-tab=\"30\" data-height-tab-portrait=\"60\" data-height-mobile-landscape=\"60\" style=\"clear:both;display:block;\"><\/div>[\/vc_column][\/vc_row][vc_row full_width=&#8220;stretch_row_content&#8220; title=&#8220;L\u00e6s mere&#8220; style=&#8220;custom&#8220; gradient_color_1=&#8220;turquoise&#8220; gradient_color_2=&#8220;blue&#8220; gradient_custom_color_1=&#8220;#dd3333&#8243; gradient_custom_color_2=&#8220;#eeee22&#8243; gradient_text_color=&#8220;#ffffff&#8220; custom_background=&#8220;#fc5623&#8243; custom_text=&#8220;#ffffff&#8220; outline_custom_color=&#8220;#666666&#8243; outline_custom_hover_background=&#8220;#666666&#8243; outline_custom_hover_text=&#8220;#ffffff&#8220; shape=&#8220;square&#8220; color=&#8220;grey&#8220; size=&#8220;md&#8220; align=&#8220;left&#8220; button_block=&#8220;&#8220; add_icon=&#8220;&#8220; i_align=&#8220;left&#8220; i_type=&#8220;fontawesome&#8220; i_icon_fontawesome=&#8220;fas fa-adjust&#8220; i_icon_openiconic=&#8220;vc-oi vc-oi-dial&#8220; i_icon_typicons=&#8220;typcn typcn-adjust-brightness&#8220; i_icon_entypo=&#8220;entypo-icon entypo-icon-note&#8220; i_icon_linecons=&#8220;vc_li vc_li-heart&#8220; i_icon_monosocial=&#8220;vc-mono vc-mono-fivehundredpx&#8220; i_icon_material=&#8220;vc-material vc-material-cake&#8220; i_icon_pixelicons=&#8220;vc_pixel_icon vc_pixel_icon-alert&#8220; custom_onclick=&#8220;&#8220; link=&#8220;|||&#8220; custom_onclick_code=&#8220;&#8220; el_class=&#8220;parallax overlay white&#8220; css=&#8220;.vc_custom_1703838811818{background-image: url(https:\/\/hotelfriheden.dk\/wp-content\/uploads\/2023\/12\/20230826-110718.jpg?id=4709) !important;background-position: center !important;background-repeat: no-repeat !important;background-size: cover !important;}&#8220;][vc_column][vc_empty_space height=&#8220;60px&#8220;][vc_column_text]<\/p>\n<h3 style=\"text-align: center;\">Sicherheitsgarantie<\/h3>\n<p style=\"text-align: center;\">Buchen Sie Ihren Aufenthalt auf der Website und erhalten Sie damit die M\u00f6glichkeit, kostenlos bis 12:00 Uhr am Tag vor der geplanten Ankunft zu stornieren.<\/p>\n<p style=\"text-align: center;\">Die Sicherheitsgarantie gilt nur, wenn Sie direkt buchen, entweder hier auf der Website oder telefonisch unter 56 48 04 25<\/p>\n<p>[\/vc_column_text][vc_empty_space height=&#8220;60px&#8220;][\/vc_column][\/vc_row][vc_row full_width=&#8220;stretch_row_content_no_spaces&#8220;][vc_column]<div class=\"ult-spacer spacer-69f6e1aaba49e\" data-id=\"69f6e1aaba49e\" data-height=\"30\" data-height-mobile=\"0\" data-height-tab=\"30\" data-height-tab-portrait=\"0\" data-height-mobile-landscape=\"0\" style=\"clear:both;display:block;\"><\/div>[vc_row_inner equal_height=&#8220;yes&#8220; el_class=&#8220;reverse&#8220;][vc_column_inner css=&#8220;.vc_custom_1703836543970{margin-right: 30px !important;margin-left: 30px !important;background-image: url(https:\/\/hotelfriheden.dk\/wp-content\/uploads\/2023\/12\/mad-500x500px-001.jpg?id=4670) !important;background-position: center !important;background-repeat: no-repeat !important;background-size: cover !important;}&#8220; offset=&#8220;vc_col-lg-6 vc_col-md-6 vc_col-xs-12&#8243;]<div class=\"ult-spacer spacer-69f6e1aaba4bf\" data-id=\"69f6e1aaba4bf\" data-height=\"0\" data-height-mobile=\"200\" data-height-tab=\"0\" data-height-tab-portrait=\"300\" data-height-mobile-landscape=\"250\" style=\"clear:both;display:block;\"><\/div>[\/vc_column_inner][vc_column_inner el_class=&#8220;small-stretch&#8220; offset=&#8220;vc_col-lg-6 vc_col-md-6 vc_col-xs-12&#8243;][vc_column_text]<\/p>\n<h3>Zimmer zur \u00dcbernachtung im Hotel Friheden<\/h3>\n<p>Im Hotel Friheden bieten wir verschiedene Arten von <a href=\"https:\/\/hotelfriheden.dk\/vaerelser\/\">Zimmern<\/a> an<br \/>\nGemeinsam ist ihnen allen, dass sie ein eigenes Badezimmer, eine Tee-K\u00fcche mit Service f\u00fcr 4 Personen sowie eine Terrasse oder einen Balkon haben.<\/p>\n<p>Und gemeinsam f\u00fcr alle Zimmer ist auch, dass das gro\u00dfe Fr\u00fchst\u00fccksbuffet des Hotel Friheden inklusive ist.<\/p>\n<p>Daher k\u00f6nnen Sie zwischen 7:30 und 10:00 Uhr im <a href=\"https:\/\/hotelfriheden.dk\/restaurant-oe\/\">Restaurant \u00d8<\/a> in Ruhe das erste Mahl des Tages sowie die Panoramaaussicht \u00fcber die Ostsee genie\u00dfen<br \/>\nEntweder im Restaurant selbst oder von einer der gro\u00dfen Terrassen vor dem Hotel aus.<\/p>\n<p>Einige unserer Zimmer haben entweder Meerblick oder Meerblick, und alle Zimmer wurden in den letzten Jahren renoviert<br \/>\nSowohl das Hotel Friheden als auch das Restaurant \u00d8 sind rauchfrei, und das gilt auch f\u00fcr Terrassen und Balkone.<br \/>\nAllerdings ist das Rauchen im Freien im Allgemeinen erlaubt, sowie auf der unteren Terrasse vor dem Hotel.<\/p>\n<p>Wenn Sie auf der Suche nach einer \u00dcbernachtung auf Bornholm sind, freuen wir uns, Sie in unserem Hotel willkommen zu hei\u00dfen.[\/vc_column_text][vc_empty_space height=&#8220;30px&#8220;][vc_btn title=&#8220;Aufenhalt buchen&#8220; style=&#8220;custom&#8220; custom_background=&#8220;#fc5623&#8243; custom_text=&#8220;#ffffff&#8220; shape=&#8220;square&#8220; size=&#8220;sm&#8220; align=&#8220;left&#8220; link=&#8220;url:http%3A%2F%2Fonline.bookvisit.com%2Faccommodation%2Flist%3FchannelId%3Dce15c0cc-e849-46b5-8169-f409ca5f848f|title:Aufenhalt%20buchen|target:_blank|&#8220;][\/vc_column_inner][\/vc_row_inner]<div class=\"ult-spacer spacer-69f6e1aaba4e2\" data-id=\"69f6e1aaba4e2\" data-height=\"30\" data-height-mobile=\"60\" data-height-tab=\"30\" data-height-tab-portrait=\"60\" data-height-mobile-landscape=\"60\" style=\"clear:both;display:block;\"><\/div>[\/vc_column][\/vc_row][vc_row full_width=&#8220;stretch_row&#8220; el_class=&#8220;light&#8220;][vc_column]<div class=\"ult-spacer spacer-69f6e1aaba500\" data-id=\"69f6e1aaba500\" data-height=\"90\" data-height-mobile=\"60\" data-height-tab=\"90\" data-height-tab-portrait=\"60\" data-height-mobile-landscape=\"60\" style=\"clear:both;display:block;\"><\/div>[vc_row_inner][vc_column_inner width=&#8220;1\/2&#8243;][vc_column_text]<\/p>\n<h4><strong>Lage<\/strong><\/h4>\n<p>Das <a href=\"https:\/\/hotelfriheden.dk\/om-os\/\">Hotel Friheden<\/a> befindet sich in Sandk\u00e5s an der Nordk\u00fcste Bornholms, ungef\u00e4hr auf halber Strecke zwischen Allinge und Tejn<\/p>\n<p>Vom Hotel aus genie\u00dfen Sie einen Panoramablick \u00fcber die Ostsee und sind nur wenige hundert Meter von einem sch\u00f6nen Sandstrand entfernt.<\/p>\n<p><strong>Adresse:<\/strong><br \/>\nTejnvej 80, Sandk\u00e5s<br \/>\n3770 Allinge<\/p>\n<p><a href=\"https:\/\/maps.app.goo.gl\/Xjc3kbw5e6WNd6N58\" target=\"_blank\" rel=\"noopener\">Finden Sie uns auf Google Maps<\/a><\/p>\n<h4>Reservierung von Aufenthalten<\/h4>\n<p>Buchen Sie Ihren Aufenthalt <a href=\"https:\/\/online.bookvisit.com\/v2\/widget\/WidgetNewWindowStart?channelId=ce15c0cc-e849-46b5-8169-f409ca5f848f&amp;culture=da-DK\" target=\"_blank\" rel=\"noopener\">hier.<\/a><\/p>\n<h4>Haustiere<\/h4>\n<p>Haustiere sind im Hotel Friheden nicht gestattet.<br \/>\nDies gilt auch f\u00fcr die Terrassen und sonstigen Au\u00dfenbereiche des Hotel.[\/vc_column_text]<div class=\"ult-spacer spacer-69f6e1aaba51f\" data-id=\"69f6e1aaba51f\" data-height=\"0\" data-height-mobile=\"30\" data-height-tab=\"0\" data-height-tab-portrait=\"0\" data-height-mobile-landscape=\"30\" style=\"clear:both;display:block;\"><\/div>[\/vc_column_inner][vc_column_inner width=&#8220;1\/2&#8243;][vc_raw_html]PGNlbnRlcj48ZGl2IGlkPSJmYi1yb290Ij48L2Rpdj4KPHNjcmlwdCBhc3luYz0iIiBkZWZlciBjcm9zc29yaWdpbj0iYW5vbnltb3VzIiBzcmM9Imh0dHBzOi8vY29ubmVjdC5mYWNlYm9vay5uZXQvZGFfREsvc2RrLmpzI3hmYm1sPTEmYW1wO3ZlcnNpb249djE5LjAiIG5vbmNlPSJ4WFJnQjJscyI+PC9zY3JpcHQ+PGRpdiBjbGFzcz0iZmItcGFnZSIgZGF0YS1ocmVmPSJodHRwczovL3d3dy5mYWNlYm9vay5jb20vSG90ZWxGcmloZWRlbi8iIGRhdGEtdGFicz0idGltZWxpbmUiIGRhdGEtd2lkdGg9IjUwMCIgZGF0YS1oZWlnaHQ9IjU4MCIgZGF0YS1zbWFsbC1oZWFkZXI9ImZhbHNlIiBkYXRhLWFkYXB0LWNvbnRhaW5lci13aWR0aD0idHJ1ZSIgZGF0YS1oaWRlLWNvdmVyPSJmYWxzZSIgZGF0YS1zaG93LWZhY2VwaWxlPSJ0cnVlIj48YmxvY2txdW90ZSBjaXRlPSJodHRwczovL3d3dy5mYWNlYm9vay5jb20vSG90ZWxGcmloZWRlbi8iIGNsYXNzPSJmYi14ZmJtbC1wYXJzZS1pZ25vcmUiPjxhIGhyZWY9Imh0dHBzOi8vd3d3LmZhY2Vib29rLmNvbS9Ib3RlbEZyaWhlZGVuLyI+SG90ZWwgRnJpaGVkZW48L2E+PC9ibG9ja3F1b3RlPjwvZGl2PjwvY2VudGVyPg==[\/vc_raw_html][vc_raw_html]PHNjcmlwdCB0eXBlPSJhcHBsaWNhdGlvbi9sZCtqc29uIj57CiAgIkBjb250ZXh0IiA6ICJodHRwOi8vc2NoZW1hLm9yZyIsCiAgIkB0eXBlIiA6ICJMb2NhbEJ1c2luZXNzIiwKICAibmFtZSIgOiAiSG90ZWwgRnJpaGVkZW4gQXBTIiwKICAiaW1hZ2UiIDogImh0dHBzOi8vaG90ZWxmcmloZWRlbi5kay93cC1jb250ZW50L3VwbG9hZHMvMjAyNC8wMi9ob3RlbC1mcmloZWRlbi5wbmciLAogICJ0ZWxlcGhvbmUiIDogIjU2IDQ4IDA0IDI1IiwKICAiZW1haWwiIDogImJvb2tpbmdAaG90ZWxmcmloZWRlbi5kayIsCiAgImFkZHJlc3MiIDogewogICAgIkB0eXBlIiA6ICJQb3N0YWxBZGRyZXNzIiwKICAgICJzdHJlZXRBZGRyZXNzIiA6ICJUZWpudmVqIDgwIiwKICAgICJhZGRyZXNzTG9jYWxpdHkiIDogIkFsbGluZ2UiLAogICAgImFkZHJlc3NDb3VudHJ5IiA6ICJEZW5tYXJrIiwKICAgICJwb3N0YWxDb2RlIiA6ICIzNzcwIgogIH0sCiAgImRlc2NyaXB0aW9uIjogIlDDpSB2b3JlcyBob3RlbCBpIEFsbGluZ2UgcMOlIEJvcm5ob2xtLCBoYXIgdmkgZm9yc2tlbGxpZ2UgdHlwZXIgdsOmcmVsc2VyIHRpbCBvdmVybmF0bmluZy4gRsOmbGxlcyBmb3IgZGVtIGFsbGUgZXIsIGF0IGRlIGhhciBlZ2V0IGJhZGV2w6ZyZWxzZSwgdGUta8O4a2tlbiBtZWQgc2VydmljZSB0aWwgNCBwZXJzb25lciwgc2FtdCB0ZXJyYXNzZSBlbGxlciBiYWxrb24uIE9nIGbDpmxsZXMgZm9yIGFsbGUgdsOmcmVsc2VybmUgZXIgZW5kdmlkZXJlLCBhdCBIb3RlbCBGcmloZWRlbnMgc3RvcmUgbW9yZ2VuYnVmZmV0IGbDuGxnZXIgbWVkLiBTw6UgbWVsbGVtIDc6MzAgb2cgMTA6MDAsIGthbiBkdSBpIFJlc3RhdXJhbnQgw5ggaSBybyBvZyBtYWcgbnlkZSBiw6VkZSBkYWdlbnMgZsO4cnN0ZSBtw6VsdGlkLCBvZyBwYW5vcmFtYXVkc2lndGVuIG92ZXIgw5hzdGVyc8O4ZW4uIEVudGVuIGZyYSBzZWx2ZSByZXN0YXVyYW50ZW4sIGVsbGVyIGZyYSBlbiBhZiBkZSBzdG9yZSB0ZXJyYXNzZXIgZm9yYW4gaG90ZWxsZXQuIiwKICAidXJsIjogImh0dHBzOi8vaG90ZWxmcmloZWRlbi5kay8iCn0KPC9zY3JpcHQ+[\/vc_raw_html][\/vc_column_inner][\/vc_row_inner]<div class=\"ult-spacer spacer-69f6e1aaba53c\" data-id=\"69f6e1aaba53c\" data-height=\"90\" data-height-mobile=\"60\" data-height-tab=\"90\" data-height-tab-portrait=\"60\" data-height-mobile-landscape=\"60\" style=\"clear:both;display:block;\"><\/div>[\/vc_column][\/vc_row]<\/p>\n<\/section>","protected":false},"excerpt":{"rendered":"<p>[vc_row full_width=&#8220;stretch_row&#8220; css=&#8220;.vc_custom_1703840797233{background-image: url(https:\/\/hotelfriheden.dk\/wp-content\/uploads\/2023\/12\/db-img-scaled.jpg?id=4638) !important;background-position: center !important;background-repeat: no-repeat !important;background-size: cover !important;}&#8220; el_class=&#8220;overlay mobile-hero&#8220;][vc_column offset=&#8220;vc_hidden-lg vc_hidden-md vc_hidden-sm&#8220;][vc_column_text] Hotel Friheden [\/vc_column_text][vc_empty_space height=&#8220;30px&#8220;][vc_btn title=&#8220;Kontaktiere uns&#8220; style=&#8220;custom&#8220; custom_background=&#8220;#fc5623&#8243; custom_text=&#8220;#ffffff&#8220; shape=&#8220;square&#8220; size=&#8220;sm&#8220; align=&#8220;center&#8220; link=&#8220;url:https%3A%2F%2Fhotelfriheden.dk%2Fkontakt%2F|title:Kontakt|&#8220;][\/vc_column][\/vc_row][vc_row full_width=&#8220;stretch_row_content_no_spaces&#8220;][vc_column][vc_row_inner equal_height=&#8220;yes&#8220;][vc_column_inner el_class=&#8220;small-stretch&#8220; offset=&#8220;vc_col-lg-6 vc_col-md-6 vc_col-xs-12&#8243;][vc_column_text] Willkommen zur Saison 2024 im Hotel Friheden und im Restaurant \u00d8. &nbsp; Die neue Saison hat begonnen, und wir hei\u00dfen &#8230; <a title=\"Titelseite\" class=\"read-more\" href=\"https:\/\/hotelfriheden.dk\/de\/\" aria-label=\"Mehr zu Titelseite\">Weiterlesen &#8230;<\/a><\/p>\n","protected":false},"author":1,"featured_media":0,"parent":0,"menu_order":0,"comment_status":"closed","ping_status":"closed","template":"","meta":{"_acf_changed":false,"footnotes":""},"categories":[],"acf":[],"yoast_head":"<!-- This site is optimized with the Yoast SEO plugin v24.5 - https:\/\/yoast.com\/wordpress\/plugins\/seo\/ -->\n<title>Das Hotel in Allinge auf Bornholm bietet Unterk\u00fcnfte mit Aussicht<\/title>\n<meta name=\"description\" content=\"Suchen Sie ein Hotel zum \u00dcbernachten auf Bornholm? Im Hotel Friheden in Allinge haben wir Zimmer mit wundersch\u00f6nem Meerblick. Buchen Sie schon heute\" \/>\n<meta name=\"robots\" content=\"index, follow, max-snippet:-1, max-image-preview:large, max-video-preview:-1\" \/>\n<link rel=\"canonical\" href=\"https:\/\/hotelfriheden.dk\/de\/\" \/>\n<meta property=\"og:locale\" content=\"de_DE\" \/>\n<meta property=\"og:type\" content=\"article\" \/>\n<meta property=\"og:title\" content=\"Das Hotel in Allinge auf Bornholm bietet Unterk\u00fcnfte mit Aussicht\" \/>\n<meta property=\"og:description\" content=\"Suchen Sie ein Hotel zum \u00dcbernachten auf Bornholm? Im Hotel Friheden in Allinge haben wir Zimmer mit wundersch\u00f6nem Meerblick. Buchen Sie schon heute\" \/>\n<meta property=\"og:url\" content=\"https:\/\/hotelfriheden.dk\/de\/\" \/>\n<meta property=\"og:site_name\" content=\"Hotel Friheden ApS\" \/>\n<meta property=\"article:modified_time\" content=\"2024-06-17T11:39:13+00:00\" \/>\n<meta property=\"og:image\" content=\"https:\/\/hotelfriheden.dk\/wp-content\/uploads\/2024\/02\/hotel-friheden-1.png\" \/>\n<meta name=\"twitter:card\" content=\"summary_large_image\" \/>\n<meta name=\"twitter:label1\" content=\"Gesch\u00e4tzte Lesezeit\" \/>\n\t<meta name=\"twitter:data1\" content=\"7\u00a0Minuten\" \/>\n<script type=\"application\/ld+json\" class=\"yoast-schema-graph\">{\"@context\":\"https:\/\/schema.org\",\"@graph\":[{\"@type\":\"WebPage\",\"@id\":\"https:\/\/hotelfriheden.dk\/de\/\",\"url\":\"https:\/\/hotelfriheden.dk\/de\/\",\"name\":\"Das Hotel in Allinge auf Bornholm bietet Unterk\u00fcnfte mit Aussicht\",\"isPartOf\":{\"@id\":\"https:\/\/hotelfriheden.dk\/de\/#website\"},\"datePublished\":\"2020-02-12T07:51:30+00:00\",\"dateModified\":\"2024-06-17T11:39:13+00:00\",\"description\":\"Suchen Sie ein Hotel zum \u00dcbernachten auf Bornholm? Im Hotel Friheden in Allinge haben wir Zimmer mit wundersch\u00f6nem Meerblick. Buchen Sie schon heute\",\"breadcrumb\":{\"@id\":\"https:\/\/hotelfriheden.dk\/de\/#breadcrumb\"},\"inLanguage\":\"de\",\"potentialAction\":[{\"@type\":\"ReadAction\",\"target\":[\"https:\/\/hotelfriheden.dk\/de\/\"]}]},{\"@type\":\"BreadcrumbList\",\"@id\":\"https:\/\/hotelfriheden.dk\/de\/#breadcrumb\",\"itemListElement\":[{\"@type\":\"ListItem\",\"position\":1,\"name\":\"Hjem\",\"item\":\"https:\/\/hotelfriheden.dk\/de\/titelseite\/\"},{\"@type\":\"ListItem\",\"position\":2,\"name\":\"Titelseite\"}]},{\"@type\":\"WebSite\",\"@id\":\"https:\/\/hotelfriheden.dk\/de\/#website\",\"url\":\"https:\/\/hotelfriheden.dk\/de\/\",\"name\":\"Hotel Friheden ApS\",\"description\":\"Hotel Friheden er integreret hotel samt restaurant og tilbyder overnatning\",\"publisher\":{\"@id\":\"https:\/\/hotelfriheden.dk\/de\/#organization\"},\"potentialAction\":[{\"@type\":\"SearchAction\",\"target\":{\"@type\":\"EntryPoint\",\"urlTemplate\":\"https:\/\/hotelfriheden.dk\/de\/?s={search_term_string}\"},\"query-input\":{\"@type\":\"PropertyValueSpecification\",\"valueRequired\":true,\"valueName\":\"search_term_string\"}}],\"inLanguage\":\"de\"},{\"@type\":\"Organization\",\"@id\":\"https:\/\/hotelfriheden.dk\/de\/#organization\",\"name\":\"Hotel Friheden ApS\",\"url\":\"https:\/\/hotelfriheden.dk\/de\/\",\"logo\":{\"@type\":\"ImageObject\",\"inLanguage\":\"de\",\"@id\":\"https:\/\/hotelfriheden.dk\/de\/#\/schema\/logo\/image\/\",\"url\":\"https:\/\/hotelfriheden.dk\/wp-content\/uploads\/2024\/02\/hotel-friheden-1.png\",\"contentUrl\":\"https:\/\/hotelfriheden.dk\/wp-content\/uploads\/2024\/02\/hotel-friheden-1.png\",\"width\":500,\"height\":500,\"caption\":\"Hotel Friheden ApS\"},\"image\":{\"@id\":\"https:\/\/hotelfriheden.dk\/de\/#\/schema\/logo\/image\/\"}}]}<\/script>\n<!-- \/ Yoast SEO plugin. -->","yoast_head_json":{"title":"Das Hotel in Allinge auf Bornholm bietet Unterk\u00fcnfte mit Aussicht","description":"Suchen Sie ein Hotel zum \u00dcbernachten auf Bornholm? Im Hotel Friheden in Allinge haben wir Zimmer mit wundersch\u00f6nem Meerblick. Buchen Sie schon heute","robots":{"index":"index","follow":"follow","max-snippet":"max-snippet:-1","max-image-preview":"max-image-preview:large","max-video-preview":"max-video-preview:-1"},"canonical":"https:\/\/hotelfriheden.dk\/de\/","og_locale":"de_DE","og_type":"article","og_title":"Das Hotel in Allinge auf Bornholm bietet Unterk\u00fcnfte mit Aussicht","og_description":"Suchen Sie ein Hotel zum \u00dcbernachten auf Bornholm? Im Hotel Friheden in Allinge haben wir Zimmer mit wundersch\u00f6nem Meerblick. Buchen Sie schon heute","og_url":"https:\/\/hotelfriheden.dk\/de\/","og_site_name":"Hotel Friheden ApS","article_modified_time":"2024-06-17T11:39:13+00:00","og_image":[{"url":"https:\/\/hotelfriheden.dk\/wp-content\/uploads\/2024\/02\/hotel-friheden-1.png","type":"","width":"","height":""}],"twitter_card":"summary_large_image","twitter_misc":{"Gesch\u00e4tzte Lesezeit":"7\u00a0Minuten"},"schema":{"@context":"https:\/\/schema.org","@graph":[{"@type":"WebPage","@id":"https:\/\/hotelfriheden.dk\/de\/","url":"https:\/\/hotelfriheden.dk\/de\/","name":"Das Hotel in Allinge auf Bornholm bietet Unterk\u00fcnfte mit Aussicht","isPartOf":{"@id":"https:\/\/hotelfriheden.dk\/de\/#website"},"datePublished":"2020-02-12T07:51:30+00:00","dateModified":"2024-06-17T11:39:13+00:00","description":"Suchen Sie ein Hotel zum \u00dcbernachten auf Bornholm? Im Hotel Friheden in Allinge haben wir Zimmer mit wundersch\u00f6nem Meerblick. Buchen Sie schon heute","breadcrumb":{"@id":"https:\/\/hotelfriheden.dk\/de\/#breadcrumb"},"inLanguage":"de","potentialAction":[{"@type":"ReadAction","target":["https:\/\/hotelfriheden.dk\/de\/"]}]},{"@type":"BreadcrumbList","@id":"https:\/\/hotelfriheden.dk\/de\/#breadcrumb","itemListElement":[{"@type":"ListItem","position":1,"name":"Hjem","item":"https:\/\/hotelfriheden.dk\/de\/titelseite\/"},{"@type":"ListItem","position":2,"name":"Titelseite"}]},{"@type":"WebSite","@id":"https:\/\/hotelfriheden.dk\/de\/#website","url":"https:\/\/hotelfriheden.dk\/de\/","name":"Hotel Friheden ApS","description":"Hotel Friheden er integreret hotel samt restaurant og tilbyder overnatning","publisher":{"@id":"https:\/\/hotelfriheden.dk\/de\/#organization"},"potentialAction":[{"@type":"SearchAction","target":{"@type":"EntryPoint","urlTemplate":"https:\/\/hotelfriheden.dk\/de\/?s={search_term_string}"},"query-input":{"@type":"PropertyValueSpecification","valueRequired":true,"valueName":"search_term_string"}}],"inLanguage":"de"},{"@type":"Organization","@id":"https:\/\/hotelfriheden.dk\/de\/#organization","name":"Hotel Friheden ApS","url":"https:\/\/hotelfriheden.dk\/de\/","logo":{"@type":"ImageObject","inLanguage":"de","@id":"https:\/\/hotelfriheden.dk\/de\/#\/schema\/logo\/image\/","url":"https:\/\/hotelfriheden.dk\/wp-content\/uploads\/2024\/02\/hotel-friheden-1.png","contentUrl":"https:\/\/hotelfriheden.dk\/wp-content\/uploads\/2024\/02\/hotel-friheden-1.png","width":500,"height":500,"caption":"Hotel Friheden ApS"},"image":{"@id":"https:\/\/hotelfriheden.dk\/de\/#\/schema\/logo\/image\/"}}]}},"_links":{"self":[{"href":"https:\/\/hotelfriheden.dk\/de\/wp-json\/wp\/v2\/pages\/5213"}],"collection":[{"href":"https:\/\/hotelfriheden.dk\/de\/wp-json\/wp\/v2\/pages"}],"about":[{"href":"https:\/\/hotelfriheden.dk\/de\/wp-json\/wp\/v2\/types\/page"}],"author":[{"embeddable":true,"href":"https:\/\/hotelfriheden.dk\/de\/wp-json\/wp\/v2\/users\/1"}],"replies":[{"embeddable":true,"href":"https:\/\/hotelfriheden.dk\/de\/wp-json\/wp\/v2\/comments?post=5213"}],"version-history":[{"count":2,"href":"https:\/\/hotelfriheden.dk\/de\/wp-json\/wp\/v2\/pages\/5213\/revisions"}],"predecessor-version":[{"id":5215,"href":"https:\/\/hotelfriheden.dk\/de\/wp-json\/wp\/v2\/pages\/5213\/revisions\/5215"}],"wp:attachment":[{"href":"https:\/\/hotelfriheden.dk\/de\/wp-json\/wp\/v2\/media?parent=5213"}],"wp:term":[{"taxonomy":"category","embeddable":true,"href":"https:\/\/hotelfriheden.dk\/de\/wp-json\/wp\/v2\/categories?post=5213"}],"curies":[{"name":"wp","href":"https:\/\/api.w.org\/{rel}","templated":true}]}}